{"id":1339,"date":"2020-07-22T10:21:41","date_gmt":"2020-07-22T08:21:41","guid":{"rendered":"http:\/\/wordpress.lingott.de\/?page_id=1339"},"modified":"2026-01-09T15:26:48","modified_gmt":"2026-01-09T14:26:48","slug":"uber-uns-2","status":"publish","type":"page","link":"https:\/\/lingott.de\/en\/","title":{"rendered":"ABOUT US"},"content":{"rendered":"<div class=\"row wpb_row row-fluid\"><div class=\"wpb_column columns medium-12 thb-dark-column small-12\"><div class=\"vc_column-inner   vc_custom_1595406827798\"><div class=\"wpb_wrapper\"><div  class=\"vc_wp_text wpb_content_element\"><div class=\"widget widget_text\">\t\t\t<div class=\"textwidget\"><h3 class=\"column_1-1\"><span style=\"color: #910032;\">ABOUT US<\/span><\/h3>\n<\/div>\n\t\t<\/div><\/div><\/div><\/div><\/div><\/div><div class=\"row wpb_row row-fluid\"><div class=\"wpb_column columns medium-4 thb-dark-column small-12\"><div class=\"vc_column-inner   vc_custom_1595406837714\"><div class=\"wpb_wrapper\"><div  class=\"vc_wp_text wpb_content_element\"><div class=\"widget widget_text\">\t\t\t<div class=\"textwidget\"><p><span style=\"color: #333333;\">As a <\/span><span style=\"text-decoration: underline;\"><a title=\"DATEV e.G.\" href=\"https:\/\/www.datev.de\/web\/de\/steuerberatung\/loesungen\/kanzleimanagement\/kanzlei-praesentieren\/digitale-datev-kanzlei\" target=\"_blank\" rel=\"noopener noreferrer\">digital DATEV law firm<\/a><\/span><span style=\"color: #333333;\"> our <a href=\"https:\/\/lingott.de\/en\/team\/\"><span style=\"text-decoration: underline;\">team<\/span><\/a> has been supporting you since 1998 with our many years of experience in tax, tax law and business management advice as well as in the digital transformation of your payroll and financial accounting.<\/span><\/p>\n<p><span style=\"color: #333333;\">Our principle is to combine thorough specialist knowledge and close partnership-based cooperation in order to develop the best possible solutions for you. Thanks to the cooperation of all specialists, you will receive advice that is integrated in tax and business law as well as business management.<\/span><\/p>\n<\/div>\n\t\t<\/div><\/div><\/div><\/div><\/div><div class=\"wpb_column columns medium-4 thb-dark-column small-12\"><div class=\"vc_column-inner\"><div class=\"wpb_wrapper\"><div  class=\"vc_wp_text wpb_content_element\"><div class=\"widget widget_text\">\t\t\t<div class=\"textwidget\"><ul>\n<li>Know-how and experience since 1998<\/li>\n<li>Use of modern technology<\/li>\n<li>Specialized knowledge gained through the consultation of various industries, i.e. actor, agency, architect, medical, construction, retail, film, engineer, real estate, IT, media, synchronously speaker, trade fair, personnel, production, event and publishing industry, but especially of self-employed, commercial and fund-managing companies of all sizes and legal forms as well as of privat and public associations, professional associations, foundations and wealthy private persons<\/li>\n<li>Permanent internal and external qualification measures<\/li>\n<\/ul>\n<\/div>\n\t\t<\/div><\/div><\/div><\/div><\/div><div class=\"wpb_column columns medium-4 thb-dark-column small-12\"><div class=\"vc_column-inner\"><div class=\"wpb_wrapper\"><div  class=\"vc_wp_text wpb_content_element\"><div class=\"widget widget_text\">\t\t\t<div class=\"textwidget\"><ul>\n<li><span style=\"text-decoration: underline;\"><a title=\"Remote consultation of clients\" href=\"https:\/\/www.datev.de\/web\/de\/service\/software-auslieferung\/download-bereich\/it-loesungen-und-security\/mandanten-fernbetreuung\/\" target=\"_blank\" rel=\"noopener noreferrer\">Remote consultation of clients<\/a><\/span><\/li>\n<li><span style=\"text-decoration: underline;\"><a title=\"Professionals for international fiscal law\" href=\"https:\/\/stbk-berlin.de\/steuerberaterinnen-und-berater\/#fachberater-in\" target=\"_blank\" rel=\"noopener noreferrer\">Professionals for international fiscal law<\/a><\/span><\/li>\n<li><span style=\"text-decoration: underline;\"><a title=\"DATEV e.G.\" href=\"https:\/\/www.smartexperts.de\/suche\/searchdetail\/lingott-steuerberater-partnerschaft\/3199845?from=portal\" target=\"_blank\" rel=\"noopener noreferrer\">DATEV SmartExpert<\/a><\/span><\/li>\n<li><span style=\"text-decoration: underline;\"><a title=\"Steuerberaterverband Berlin-Brandenburg\" href=\"https:\/\/stbk-berlin.de\/\" target=\"_blank\" rel=\"noopener noreferrer\">Member of Steuerberaterkammer Berlin<\/a><\/span><\/li>\n<li><span style=\"text-decoration: underline;\"><a title=\"Steuerberaterverband Berlin-Brandenburg\" href=\"http:\/\/www.stbverband-berlin-bb.de\/\" target=\"_blank\" rel=\"noopener noreferrer\">Member of Steuerberaterverband Berlin-Brandenburg, Verband der steuerberatenden und wirtschaftspr\u00fcfenden Berufe e.V.<\/a><\/span><\/li>\n<li><span style=\"text-decoration: underline;\"><a title=\"Berlin-Brandenburger Verband der Steuerberater, Wirtschaftspr\u00fcfer und vereidigten Buchpr\u00fcfer e.V.\" href=\"http:\/\/www.bbv-steuerberater.de\/\" target=\"_blank\" rel=\"noopener noreferrer\">Member of the Berlin-Brandenburger Verband der Steuerberater, Wirtschaftspr\u00fcfer und vereidigten Buchpr\u00fcfer e.V.<\/a><\/span><\/li>\n<\/ul>\n<\/div>\n\t\t<\/div><\/div><\/div><\/div><\/div><\/div>","protected":false},"excerpt":{"rendered":"\u00dcBER UNS Als Digitale DATEV-Kanzlei unterst\u00fctzt Sie unser Team seit 1998 mit unserer langj\u00e4hrigen Erfahrung durch steuerliche, steuerrechtliche und betriebswirtschaftliche Beratung sowie bei der digitalen Transformation Ihrer Lohn- und Finanzbuchf\u00fchrung. Unser Prinzip ist die Verbindung von gr\u00fcndlicher Fachkenntnis und enger partnerschaftlicher Zusammenarbeit, um f\u00fcr Sie die bestm\u00f6glichen L\u00f6sungen zu entwickeln. Durch das Zusammenwirken aller Fachkr\u00e4fte&hellip;","protected":false},"author":1,"featured_media":0,"parent":0,"menu_order":0,"comment_status":"closed","ping_status":"closed","template":"","meta":{"_monsterinsights_skip_tracking":false,"_monsterinsights_sitenote_active":false,"_monsterinsights_sitenote_note":"","_monsterinsights_sitenote_category":0,"footnotes":""},"class_list":["post-1339","page","type-page","status-publish","hentry"],"_links":{"self":[{"href":"https:\/\/lingott.de\/en\/wp-json\/wp\/v2\/pages\/1339","targetHints":{"allow":["GET"]}}],"collection":[{"href":"https:\/\/lingott.de\/en\/wp-json\/wp\/v2\/pages"}],"about":[{"href":"https:\/\/lingott.de\/en\/wp-json\/wp\/v2\/types\/page"}],"author":[{"embeddable":true,"href":"https:\/\/lingott.de\/en\/wp-json\/wp\/v2\/users\/1"}],"replies":[{"embeddable":true,"href":"https:\/\/lingott.de\/en\/wp-json\/wp\/v2\/comments?post=1339"}],"version-history":[{"count":24,"href":"https:\/\/lingott.de\/en\/wp-json\/wp\/v2\/pages\/1339\/revisions"}],"predecessor-version":[{"id":4421,"href":"https:\/\/lingott.de\/en\/wp-json\/wp\/v2\/pages\/1339\/revisions\/4421"}],"wp:attachment":[{"href":"https:\/\/lingott.de\/en\/wp-json\/wp\/v2\/media?parent=1339"}],"curies":[{"name":"wp","href":"https:\/\/api.w.org\/{rel}","templated":true}]}}