{"id":1952,"date":"2020-12-17T11:41:16","date_gmt":"2020-12-17T10:41:16","guid":{"rendered":"http:\/\/wordpress.lingott.de\/?page_id=1952"},"modified":"2021-11-09T18:38:05","modified_gmt":"2021-11-09T17:38:05","slug":"downloads-2","status":"publish","type":"page","link":"https:\/\/lingott.de\/en\/downloads-2\/","title":{"rendered":"DOWNLOADS"},"content":{"rendered":"<div class=\"row wpb_row row-fluid vc_custom_1608201674958\"><div class=\"wpb_column columns medium-12 thb-dark-column small-12\"><div class=\"vc_column-inner\"><div class=\"wpb_wrapper\"><div  class=\"vc_wp_text wpb_content_element\"><div class=\"widget widget_text\">\t\t\t<div class=\"textwidget\"><div id=\"content\">\n<div class=\"item-page\">\n<div>\n<h3><span style=\"color: #910032;\">DOWNLOADS<\/span><\/h3>\n<div><\/div>\n<div class=\"column_1-1\"><span style=\"color: #000000;\">Here, we provide links to smaller downloads for you and our employees, which will help you to make your daily work easier. We would be pleased to assist you with their use.<\/span><\/div>\n<\/div>\n<\/div>\n<\/div>\n<div id=\"footer\"><\/div>\n<\/div>\n\t\t<\/div><\/div><\/div><\/div><\/div><\/div>","protected":false},"excerpt":{"rendered":"DOWNLOADS Hier stellen wir Ihnen und unseren Mitarbeitern Links zu kleineren Downloads zur Verf\u00fcgung, die Ihnen die t\u00e4gliche Arbeit erleichtern sollen. Gerne stehen wir Ihnen bei deren Verwendung beratend und unterst\u00fctzend zur Seite.","protected":false},"author":1,"featured_media":0,"parent":0,"menu_order":0,"comment_status":"closed","ping_status":"closed","template":"","meta":{"_monsterinsights_skip_tracking":false,"_monsterinsights_sitenote_active":false,"_monsterinsights_sitenote_note":"","_monsterinsights_sitenote_category":0,"footnotes":""},"class_list":["post-1952","page","type-page","status-publish","hentry"],"_links":{"self":[{"href":"https:\/\/lingott.de\/en\/wp-json\/wp\/v2\/pages\/1952","targetHints":{"allow":["GET"]}}],"collection":[{"href":"https:\/\/lingott.de\/en\/wp-json\/wp\/v2\/pages"}],"about":[{"href":"https:\/\/lingott.de\/en\/wp-json\/wp\/v2\/types\/page"}],"author":[{"embeddable":true,"href":"https:\/\/lingott.de\/en\/wp-json\/wp\/v2\/users\/1"}],"replies":[{"embeddable":true,"href":"https:\/\/lingott.de\/en\/wp-json\/wp\/v2\/comments?post=1952"}],"version-history":[{"count":2,"href":"https:\/\/lingott.de\/en\/wp-json\/wp\/v2\/pages\/1952\/revisions"}],"predecessor-version":[{"id":1954,"href":"https:\/\/lingott.de\/en\/wp-json\/wp\/v2\/pages\/1952\/revisions\/1954"}],"wp:attachment":[{"href":"https:\/\/lingott.de\/en\/wp-json\/wp\/v2\/media?parent=1952"}],"curies":[{"name":"wp","href":"https:\/\/api.w.org\/{rel}","templated":true}]}}