{"id":2050,"date":"2021-01-01T14:17:18","date_gmt":"2021-01-01T13:17:18","guid":{"rendered":"http:\/\/wordpress.lingott.de\/?page_id=2050"},"modified":"2024-03-01T10:48:22","modified_gmt":"2024-03-01T09:48:22","slug":"informationsbriefe-aktuell","status":"publish","type":"page","link":"https:\/\/lingott.de\/en\/informationsbriefe-aktuell\/","title":{"rendered":"NEWSLETTERS \/ UP-TO-DATE"},"content":{"rendered":"<div class=\"row wpb_row row-fluid vc_custom_1587532652567\"><div class=\"wpb_column columns medium-12 thb-dark-column small-12\"><div class=\"vc_column-inner\"><div class=\"wpb_wrapper\"><div  class=\"vc_wp_text wpb_content_element\"><div class=\"widget widget_text\">\t\t\t<div class=\"textwidget\"><h3 class=\"column_1-1\"><span style=\"color: #910032;\"><strong>NEWSLETTERS \/ UP-TO-DATE<\/strong><\/span><\/h3>\n<p class=\"column_1-1\">Simply select the topics you are interested in from the current newsletters. You can find older editions in the <a title=\"newsletters \/ archive\" href=\"https:\/\/lingott.de\/en\/informationsbriefe-archiv\/\" target=\"_self\" rel=\"noopener noreferrer\">newsletters \/ archive<\/a>.<\/p>\n<div id=\"gtx-trans\" style=\"position: absolute; left: -135px; top: -6.28125px;\">\n<div class=\"gtx-trans-icon\"><\/div>\n<\/div>\n<\/div>\n\t\t<\/div><\/div><\/div><\/div><\/div><\/div><div class=\"row wpb_row row-fluid\"><div class=\"wpb_column columns medium-12 thb-dark-column small-12\"><div class=\"vc_column-inner\"><div class=\"wpb_wrapper\"><div  class=\"vc_wp_text wpb_content_element\"><div class=\"widget widget_text\">\t\t\t<div class=\"textwidget\"><h5>2024<\/h5>\n<\/div>\n\t\t<\/div><\/div><\/div><\/div><\/div><\/div><div class=\"row wpb_row row-fluid vc_custom_1587640766289\"><div class=\"wpb_column columns medium-4 thb-dark-column small-12\"><div class=\"vc_column-inner\"><div class=\"wpb_wrapper\"><div  class=\"vc_wp_text wpb_content_element\"><div class=\"widget widget_text\">\t\t\t<div class=\"textwidget\"><div class=\"column_1-3\">\n<ul>\n<li><a href=\"https:\/\/lingott.de\/wp-content\/uploads\/Informationsbrief_2024-01.pdf\"><span style=\"text-decoration: underline;\">January<\/span><\/a><\/li>\n<li>February<\/li>\n<li>March<\/li>\n<li>April<\/li>\n<\/ul>\n<\/div>\n<\/div>\n\t\t<\/div><\/div><\/div><\/div><\/div><div class=\"wpb_column columns medium-4 thb-dark-column small-12\"><div class=\"vc_column-inner\"><div class=\"wpb_wrapper\"><div  class=\"vc_wp_text wpb_content_element\"><div class=\"widget widget_text\">\t\t\t<div class=\"textwidget\"><div class=\"column_1-3\">\n<ul>\n<li>May<\/li>\n<li>June<\/li>\n<li>July<\/li>\n<li>August<\/li>\n<\/ul>\n<\/div>\n<\/div>\n\t\t<\/div><\/div><\/div><\/div><\/div><div class=\"wpb_column columns medium-4 thb-dark-column small-12\"><div class=\"vc_column-inner\"><div class=\"wpb_wrapper\"><div  class=\"vc_wp_text wpb_content_element\"><div class=\"widget widget_text\">\t\t\t<div class=\"textwidget\"><div class=\"column_1-3\">\n<ul>\n<li>September<\/li>\n<li>October<\/li>\n<li>November<\/li>\n<li>December<\/li>\n<\/ul>\n<\/div>\n<\/div>\n\t\t<\/div><\/div><\/div><\/div><\/div><\/div>","protected":false},"excerpt":{"rendered":"INFORMATIONSBRIEFE \/ AKTUELL W\u00e4hlen Sie aus den aktuellen Informationsbriefen einfach die f\u00fcr Sie interessanten Themen aus. \u00c4ltere Ausgaben finden Sie im Informationsbriefe \/ Archiv. 2024 Januar Februar M\u00e4rz April Mai Juni Juli August September Oktober November Dezember","protected":false},"author":1,"featured_media":0,"parent":0,"menu_order":0,"comment_status":"closed","ping_status":"closed","template":"","meta":{"_monsterinsights_skip_tracking":false,"_monsterinsights_sitenote_active":false,"_monsterinsights_sitenote_note":"","_monsterinsights_sitenote_category":0,"footnotes":""},"class_list":["post-2050","page","type-page","status-publish","hentry"],"_links":{"self":[{"href":"https:\/\/lingott.de\/en\/wp-json\/wp\/v2\/pages\/2050","targetHints":{"allow":["GET"]}}],"collection":[{"href":"https:\/\/lingott.de\/en\/wp-json\/wp\/v2\/pages"}],"about":[{"href":"https:\/\/lingott.de\/en\/wp-json\/wp\/v2\/types\/page"}],"author":[{"embeddable":true,"href":"https:\/\/lingott.de\/en\/wp-json\/wp\/v2\/users\/1"}],"replies":[{"embeddable":true,"href":"https:\/\/lingott.de\/en\/wp-json\/wp\/v2\/comments?post=2050"}],"version-history":[{"count":33,"href":"https:\/\/lingott.de\/en\/wp-json\/wp\/v2\/pages\/2050\/revisions"}],"predecessor-version":[{"id":4364,"href":"https:\/\/lingott.de\/en\/wp-json\/wp\/v2\/pages\/2050\/revisions\/4364"}],"wp:attachment":[{"href":"https:\/\/lingott.de\/en\/wp-json\/wp\/v2\/media?parent=2050"}],"curies":[{"name":"wp","href":"https:\/\/api.w.org\/{rel}","templated":true}]}}