{"id":2524,"date":"2021-01-26T11:29:26","date_gmt":"2021-01-26T10:29:26","guid":{"rendered":"http:\/\/wordpress.lingott.de\/?page_id=2524"},"modified":"2021-01-26T12:22:10","modified_gmt":"2021-01-26T11:22:10","slug":"beratung-im-wirtschaftsrecht","status":"publish","type":"page","link":"https:\/\/lingott.de\/en\/beratung-im-wirtschaftsrecht\/","title":{"rendered":"CONSULTING IN ECONOMIC LAW"},"content":{"rendered":"<div class=\"row wpb_row row-fluid vc_custom_1611656950115\"><div class=\"wpb_column columns medium-12 thb-dark-column small-12\"><div class=\"vc_column-inner\"><div class=\"wpb_wrapper\"><div id=\"wirtschaft-beratung\" class=\"vc_wp_text wpb_content_element anchor-target\"><div class=\"widget widget_text\">\t\t\t<div class=\"textwidget\"><h3><span style=\"color: #910032;\">CONSULTING IN ECONOMIC LAW<\/span><\/h3>\n<div id=\"gtx-trans\" style=\"position: absolute; left: -91px; top: 39.4375px;\">\n<div class=\"gtx-trans-icon\"><\/div>\n<\/div>\n<\/div>\n\t\t<\/div><\/div><\/div><\/div><\/div><\/div><div class=\"row wpb_row row-fluid vc_custom_1611656957679\"><div class=\"wpb_column columns medium-6 thb-dark-column small-12\"><div class=\"vc_column-inner   vc_custom_1587393648099\"><div class=\"wpb_wrapper\"><div id=\"BERATUNG IM WIRTSCHAFTSRECHT\" class=\"vc_wp_text wpb_content_element\"><div class=\"widget widget_text\">\t\t\t<div class=\"textwidget\"><ul>\n<li>Conception when founding individual businesses and companies<\/li>\n<li>Companies sale and acquisitions<\/li>\n<li>Company restructings<\/li>\n<li>Consulting on company agreements<\/li>\n<li>Management succession<\/li>\n<\/ul>\n<\/div>\n\t\t<\/div><\/div><div  class=\"vc_wp_text wpb_content_element\"><div class=\"widget widget_text\">\t\t\t<div class=\"textwidget\"><div id=\"content\">\n<div class=\"item-page\">\n<div>\n<div class=\"column_1-1\">Please note: legal consulting only occurs directly related to the tasks of the tax consultant.<\/div>\n<\/div>\n<\/div>\n<\/div>\n<\/div>\n\t\t<\/div><\/div><\/div><\/div><\/div><div class=\"wpb_column columns medium-6 thb-dark-column small-12\"><div class=\"vc_column-inner\"><div class=\"wpb_wrapper\"><div  class=\"vc_wp_text wpb_content_element\"><div class=\"widget widget_text\">\t\t\t<div class=\"textwidget\"><ul>\n<li>Consulting on the implementation of wills, marriage contracts and other family and inheritance dispositions<\/li>\n<li>Real property law<\/li>\n<li>Law merchant and commercial law<\/li>\n<li>Tax penalty law<\/li>\n<\/ul>\n<\/div>\n\t\t<\/div><\/div><\/div><\/div><\/div><\/div>","protected":false},"excerpt":{"rendered":"BERATUNG IM WIRTSCHAFTSRECHT Konzeption bei Gr\u00fcndung von Einzelunternehmen und Gesellschaften Unternehmenskauf und -verkauf Umstrukturierung von Unternehmen Beratung bei Gesellschaftsvertr\u00e4gen Unternehmensnachfolge Bitte beachten Sie: eine rechtliche Beratung erfolgt nur in unmittelbarem Zusammenhang mit den Aufgaben des Steuerberaters. Beratung bei Verwirklichung von Testamenten, Ehevertr\u00e4gen und anderen familien- und erbrechtlichen Verf\u00fcgungen Grundst\u00fccks- und Immobilienrecht Wirtschafts- und Handelsrecht Steuerstrafrecht","protected":false},"author":1,"featured_media":0,"parent":0,"menu_order":0,"comment_status":"closed","ping_status":"closed","template":"","meta":{"_monsterinsights_skip_tracking":false,"_monsterinsights_sitenote_active":false,"_monsterinsights_sitenote_note":"","_monsterinsights_sitenote_category":0,"footnotes":""},"class_list":["post-2524","page","type-page","status-publish","hentry"],"_links":{"self":[{"href":"https:\/\/lingott.de\/en\/wp-json\/wp\/v2\/pages\/2524","targetHints":{"allow":["GET"]}}],"collection":[{"href":"https:\/\/lingott.de\/en\/wp-json\/wp\/v2\/pages"}],"about":[{"href":"https:\/\/lingott.de\/en\/wp-json\/wp\/v2\/types\/page"}],"author":[{"embeddable":true,"href":"https:\/\/lingott.de\/en\/wp-json\/wp\/v2\/users\/1"}],"replies":[{"embeddable":true,"href":"https:\/\/lingott.de\/en\/wp-json\/wp\/v2\/comments?post=2524"}],"version-history":[{"count":1,"href":"https:\/\/lingott.de\/en\/wp-json\/wp\/v2\/pages\/2524\/revisions"}],"predecessor-version":[{"id":2529,"href":"https:\/\/lingott.de\/en\/wp-json\/wp\/v2\/pages\/2524\/revisions\/2529"}],"wp:attachment":[{"href":"https:\/\/lingott.de\/en\/wp-json\/wp\/v2\/media?parent=2524"}],"curies":[{"name":"wp","href":"https:\/\/api.w.org\/{rel}","templated":true}]}}