{"id":2526,"date":"2021-01-26T11:32:05","date_gmt":"2021-01-26T10:32:05","guid":{"rendered":"http:\/\/wordpress.lingott.de\/?page_id=2526"},"modified":"2021-01-26T12:23:00","modified_gmt":"2021-01-26T11:23:00","slug":"cloudit-beratung","status":"publish","type":"page","link":"https:\/\/lingott.de\/en\/cloudit-beratung\/","title":{"rendered":"SOFTWARE CONSULTING"},"content":{"rendered":"<div class=\"row wpb_row row-fluid vc_custom_1611657119467\"><div class=\"wpb_column columns medium-12 thb-dark-column small-12\"><div class=\"vc_column-inner   vc_custom_1583500737919\"><div class=\"wpb_wrapper\"><div id=\"cloud-and-it\" class=\"vc_wp_text wpb_content_element anchor-target\"><div class=\"widget widget_text\">\t\t\t<div class=\"textwidget\"><h3><span style=\"color: #910032;\">SOFTWARE CONSULTING<\/span><\/h3>\n<div id=\"gtx-trans\" style=\"position: absolute; left: 92px; top: 111.438px;\">\n<div class=\"gtx-trans-icon\"><\/div>\n<\/div>\n<\/div>\n\t\t<\/div><\/div><\/div><\/div><\/div><\/div><div class=\"row wpb_row row-fluid vc_custom_1611657124088\"><div class=\"wpb_column columns medium-6 thb-dark-column small-12\"><div class=\"vc_column-inner   vc_custom_1587393659574\"><div class=\"wpb_wrapper\"><div id=\"CLOUD &amp; IT-BERATUNG\" class=\"vc_wp_text wpb_content_element\"><div class=\"widget widget_text\">\t\t\t<div class=\"textwidget\"><ul>\n<li>Assistance in the selection, introduction and linking of your financial accounting and online banking software<\/li>\n<\/ul>\n<\/div>\n\t\t<\/div><\/div><\/div><\/div><\/div><div class=\"wpb_column columns medium-6 thb-dark-column small-12\"><div class=\"vc_column-inner\"><div class=\"wpb_wrapper\"><div  class=\"vc_wp_text wpb_content_element\"><div class=\"widget widget_text\">\t\t\t<div class=\"textwidget\"><ul>\n<li>Training in the functions, consulting and support in the application and linking of your financial accounting and online banking software<\/li>\n<\/ul>\n<\/div>\n\t\t<\/div><\/div><\/div><\/div><\/div><\/div>","protected":false},"excerpt":{"rendered":"CLOUD &amp; IT-BERATUNG Unterst\u00fctzung bei der Auswahl, Einf\u00fchrung und Verkn\u00fcpfung Ihrer Lohn-, Finanzbuchf\u00fchrungs- und Online-Banking-Software Einweisung in die Funktionen, Beratung und Betreuung bei der Anwendung und Verkn\u00fcpfung Ihrer Lohn-, Finanzbuchf\u00fchrungs- und Online-Banking-Software","protected":false},"author":1,"featured_media":0,"parent":0,"menu_order":0,"comment_status":"closed","ping_status":"closed","template":"","meta":{"_monsterinsights_skip_tracking":false,"_monsterinsights_sitenote_active":false,"_monsterinsights_sitenote_note":"","_monsterinsights_sitenote_category":0,"footnotes":""},"class_list":["post-2526","page","type-page","status-publish","hentry"],"_links":{"self":[{"href":"https:\/\/lingott.de\/en\/wp-json\/wp\/v2\/pages\/2526","targetHints":{"allow":["GET"]}}],"collection":[{"href":"https:\/\/lingott.de\/en\/wp-json\/wp\/v2\/pages"}],"about":[{"href":"https:\/\/lingott.de\/en\/wp-json\/wp\/v2\/types\/page"}],"author":[{"embeddable":true,"href":"https:\/\/lingott.de\/en\/wp-json\/wp\/v2\/users\/1"}],"replies":[{"embeddable":true,"href":"https:\/\/lingott.de\/en\/wp-json\/wp\/v2\/comments?post=2526"}],"version-history":[{"count":1,"href":"https:\/\/lingott.de\/en\/wp-json\/wp\/v2\/pages\/2526\/revisions"}],"predecessor-version":[{"id":2531,"href":"https:\/\/lingott.de\/en\/wp-json\/wp\/v2\/pages\/2526\/revisions\/2531"}],"wp:attachment":[{"href":"https:\/\/lingott.de\/en\/wp-json\/wp\/v2\/media?parent=2526"}],"curies":[{"name":"wp","href":"https:\/\/api.w.org\/{rel}","templated":true}]}}