{"id":2527,"date":"2021-01-26T11:32:56","date_gmt":"2021-01-26T10:32:56","guid":{"rendered":"http:\/\/wordpress.lingott.de\/?page_id=2527"},"modified":"2021-12-13T18:17:18","modified_gmt":"2021-12-13T17:17:18","slug":"stellenangebot","status":"publish","type":"page","link":"https:\/\/lingott.de\/en\/stellenangebot\/","title":{"rendered":"JOB OFFER"},"content":{"rendered":"<div class=\"row wpb_row row-fluid vc_custom_1611657157262\"><div class=\"wpb_column columns medium-12 thb-dark-column small-12\"><div class=\"vc_column-inner\"><div class=\"wpb_wrapper\"><div id=\"stellenangebot\" class=\"vc_wp_text wpb_content_element anchor-target\"><div class=\"widget widget_text\">\t\t\t<div class=\"textwidget\"><h3><span style=\"color: #910032;\">JOB OFFER<\/span><\/h3>\n<\/div>\n\t\t<\/div><\/div><\/div><\/div><\/div><\/div><div class=\"row wpb_row row-fluid vc_custom_1587393458505\"><div class=\"wpb_column columns medium-12 thb-dark-column small-12\"><div class=\"vc_column-inner\"><div class=\"wpb_wrapper\"><div id=\"STELLENANGEBOT\" class=\"vc_wp_text wpb_content_element\"><div class=\"widget widget_text\">\t\t\t<div class=\"textwidget\"><p><span style=\"color: #333333;\"><strong>Wir suchen ab sofort eine\/n Buchhalter\/in, Bachelor of Science, Steuerfachangestellte\/n, Steuerfachwirt\/in, Steuerberater\/in, Kauffrau\/-mann f\u00fcr B\u00fcromanagement \/ B\u00fcrokauffrau\/-mann \/ Sekret\u00e4r\/in, <a href=\"https:\/\/mehr-als-du-denkst.de\/beruf-steuerfachangestellter.html#c76\"><span style=\"text-decoration: underline;\">trainee for tax clerk,<\/span><\/a>, <a href=\"https:\/\/www.fom.de\/studiengaenge\/duales-studium\/bachelor-studiengaenge-betriebswirtschaftlich\/steuerrecht.html\"><span style=\"text-decoration: underline;\">trainee for tax clerk with a bachelor's degree in tax law (Bachelor of Laws),<\/span><\/a>, <a href=\"https:\/\/apps.ihk-berlin.de\/tibrosBB\/index.jsp\"><span style=\"text-decoration: underline;\">trainees for office management clerks (IHK)<\/span><\/a> <\/strong><\/span>with several years of DATEV professional experience or highly motivated and well-trained career starters, high school graduates or graduates with a technical college entrance qualification. A\u00a0<span style=\"text-decoration: underline;\"><a title=\"DATEV e.G.\" href=\"https:\/\/www.datev.de\/web\/de\/loesungen\/unternehmer\/rechnungswesen\/digitale-datev-kanzlei\/?stat_Mparam=int_url_datev_digitaler-steuerberater\" target=\"_blank\" rel=\"noopener noreferrer\">digital DATEV law firm<\/a><\/span><span style=\"color: #333333;\"> with <\/span>a collegial, friendly, dynamic, young <span style=\"color: #333333;\"><a href=\"https:\/\/lingott.de\/en\/team\/\"><span style=\"text-decoration: underline;\">team<\/span><\/a> in<\/span>\u00a0the immediate vicinity of Kurf\u00fcrstendamm and the Savignyplatz S-Bahn station in Berlin-Charlottenburg, where you can contribute part-time or full-time and develop your professional skills, is looking forward to you is especially made possible for expectant or young mothers.<\/p>\n<p>The further training of our employees at the Berlin-Brandenburg Association of StB, WP and vBP e.V. as well as GFS GmbH and FSB GmbH is a matter of course for us.<\/p>\n<p>You will take on the following main tasks as part of the complete support of your clients in a wide variety of industries and legal forms:<\/p>\n<div class=\"column_1-1\">\n<ul>\n<li>independent processing of financial accounting using digital documents from DATEV company online<\/li>\n<li>preparation of payroll accounting<\/li>\n<li>preparation of the annual financial statements as well as the company tax returns<\/li>\n<li>preparation of private tax returns<\/li>\n<li>processing of appeals<\/li>\n<li>participation in tax and pension insurance audits<\/li>\n<\/ul>\n<div class=\"column_1-1\">\n<p>You work and think independently and responsibly with high quality standards, always with the focus on optimization. You are a team player and do not shy away from dealing with clients and offices.<\/p>\n<\/div>\n<div class=\"column_1-1\">\n<p>We offer a state-of-the-art workplace, interesting and varied tasks and mandates, performance-based remuneration and strive for long-term cooperation.<\/p>\n<p>In return, we expect your commitment to further advance our clients and our law firm. We therefore welcome the implementation of your own ideas and innovative work approaches. Your vacation plans for the current year will of course be taken into account.<\/p>\n<p>You would like to actively participate in the design of processes, accept new challenges and continue to gain further qualifications in the future. You are also proficient in spoken and written German. Then please apply with a detailed application in writing or by email\u00a0<span style=\"text-decoration: underline;\"><span id=\"cloakbf64841ca0a670a6fc8fd175a069d74d\"><a href=\"mailto:bewerbung@lingott.de\">bewerbung@lingott.de<\/a><\/span>\u00a0.<\/span><\/p>\n<\/div>\n<div class=\"column_1-1\">We look forward to you.<\/div>\n<\/div>\n<div id=\"gtx-trans\" style=\"position: absolute; left: 603px; top: 62px;\">\n<div class=\"gtx-trans-icon\"><\/div>\n<\/div>\n<\/div>\n\t\t<\/div><\/div><\/div><\/div><\/div><\/div>","protected":false},"excerpt":{"rendered":"STELLENANGEBOT Wir suchen ab sofort eine\/n Buchhalter\/in, Bachelor of Science, Steuerfachangestellte\/n, Steuerfachwirt\/in, Steuerberater\/in, Kauffrau\/-mann f\u00fcr B\u00fcromanagement \/ B\u00fcrokauffrau\/-mann \/ Sekret\u00e4r\/in, Auszubildende\/n zur\/m Steuerfachangestellten, Auszubildende\/n zur\/m Steuerfachangestellten mit Bachelor-Studium im Steuerrecht (Bachelor of Laws), Auszubildende\/n zur\/m Kauffrau\/-mann f\u00fcr B\u00fcromanagement (IHK) mit mehrj\u00e4hriger DATEV-Berufserfahrung oder auch hochmotivierte und gut ausgebildete Berufseinsteiger, Abiturienten oder Schulabsolventen mit Fachhochschulreife. Auf&hellip;","protected":false},"author":1,"featured_media":0,"parent":0,"menu_order":0,"comment_status":"closed","ping_status":"closed","template":"","meta":{"_monsterinsights_skip_tracking":false,"_monsterinsights_sitenote_active":false,"_monsterinsights_sitenote_note":"","_monsterinsights_sitenote_category":0,"footnotes":""},"class_list":["post-2527","page","type-page","status-publish","hentry"],"_links":{"self":[{"href":"https:\/\/lingott.de\/en\/wp-json\/wp\/v2\/pages\/2527","targetHints":{"allow":["GET"]}}],"collection":[{"href":"https:\/\/lingott.de\/en\/wp-json\/wp\/v2\/pages"}],"about":[{"href":"https:\/\/lingott.de\/en\/wp-json\/wp\/v2\/types\/page"}],"author":[{"embeddable":true,"href":"https:\/\/lingott.de\/en\/wp-json\/wp\/v2\/users\/1"}],"replies":[{"embeddable":true,"href":"https:\/\/lingott.de\/en\/wp-json\/wp\/v2\/comments?post=2527"}],"version-history":[{"count":8,"href":"https:\/\/lingott.de\/en\/wp-json\/wp\/v2\/pages\/2527\/revisions"}],"predecessor-version":[{"id":4106,"href":"https:\/\/lingott.de\/en\/wp-json\/wp\/v2\/pages\/2527\/revisions\/4106"}],"wp:attachment":[{"href":"https:\/\/lingott.de\/en\/wp-json\/wp\/v2\/media?parent=2527"}],"curies":[{"name":"wp","href":"https:\/\/api.w.org\/{rel}","templated":true}]}}