{"id":2547,"date":"2021-01-26T11:48:43","date_gmt":"2021-01-26T10:48:43","guid":{"rendered":"http:\/\/wordpress.lingott.de\/?page_id=2547"},"modified":"2021-04-18T19:42:35","modified_gmt":"2021-04-18T17:42:35","slug":"monatsbrief","status":"publish","type":"page","link":"https:\/\/lingott.de\/en\/monatsbrief\/","title":{"rendered":"MONTHLY LETTER"},"content":{"rendered":"<div class=\"row wpb_row row-fluid vc_custom_1611658133334\"><div class=\"wpb_column columns medium-12 thb-dark-column small-12\"><div class=\"vc_column-inner\"><div class=\"wpb_wrapper\"><div id=\"blitzlicht\" class=\"vc_wp_text wpb_content_element anchor-target\"><div class=\"widget widget_text\">\t\t\t<div class=\"textwidget\"><h3><span style=\"color: #910032;\"><strong>MONTHLY LETTER<\/strong><\/span><\/h3>\n<p class=\"column_1-1\">Through the Monthly Letter you are able to inform yourself about the current developments of tax laws. In our archive, you have access to all published editions at any time. We will be pleased to send you an extract of the current editions by e-mail. Please Register by <span style=\"text-decoration: underline;\"><a title=\"E-Mail\" href=\"https:\/\/www.lingott.de\/index.php\/de\/kontakt\" target=\"_self\" rel=\"noopener noreferrer\">e-mail contact form.<\/a><\/span>\u00a0We will then include you immediately in the mailing list.<\/p>\n<div id=\"gtx-trans\" style=\"position: absolute; left: 181px; top: 135.438px;\">\n<div class=\"gtx-trans-icon\"><\/div>\n<\/div>\n<\/div>\n\t\t<\/div><\/div><\/div><\/div><\/div><\/div><div class=\"row wpb_row row-fluid\"><div class=\"BLITZLICHT wpb_column columns medium-6 thb-dark-column small-12\"><div class=\"vc_column-inner\"><div class=\"wpb_wrapper\"><div  class=\"vc_wp_text wpb_content_element\"><div class=\"widget widget_text\">\t\t\t<div class=\"textwidget\"><p class=\"column_1-2\"><a href=\"https:\/\/lingott.de\/en\/monatsbrief-aktuell\/\"><span style=\"text-decoration: underline;\">UP-TO-DATE:<\/span><\/a> Here we inform our clients about the current developments of tax laws. Read the texts that are of interest to you in the current Blitzlicht. If you missed the last issue, this is no problem. Nothing gets lost in our archive.<\/p>\n<div id=\"gtx-trans\" style=\"position: absolute; left: -13px; top: -10px;\">\n<div class=\"gtx-trans-icon\"><\/div>\n<\/div>\n<\/div>\n\t\t<\/div><\/div><\/div><\/div><\/div><div class=\"wpb_column columns medium-6 thb-dark-column small-12\"><div class=\"vc_column-inner\"><div class=\"wpb_wrapper\"><div  class=\"vc_wp_text wpb_content_element\"><div class=\"widget widget_text\">\t\t\t<div class=\"textwidget\"><p><span style=\"text-decoration: underline;\"><a title=\"Archive\" href=\"https:\/\/lingott.de\/en\/monatsbrief-archiv\/\" target=\"_self\" rel=\"noopener noreferrer\">ARCHIVE<\/a>:<\/span> In our archive you have access to the Blitzlicht of the past months. These are sorted chronologically by year and month.<\/p>\n<div id=\"gtx-trans\" style=\"position: absolute; left: -85px; top: -10px;\">\n<div class=\"gtx-trans-icon\"><\/div>\n<\/div>\n<\/div>\n\t\t<\/div><\/div><\/div><\/div><\/div><\/div><div class=\"row wpb_row row-fluid vc_custom_1611658147050\"><div class=\"BLITZLICHT wpb_column columns medium-12 thb-dark-column small-12\"><div class=\"vc_column-inner\"><div class=\"wpb_wrapper\"><div  class=\"vc_wp_text wpb_content_element\"><div class=\"widget widget_text\">\t\t\t<div class=\"textwidget\"><p class=\"column_1-1\">The content of this site is only for general information. It does not constitute any kind of advice (legal or otherwise) and should not be used as such. We are not responsible for any actions that may be taken on the basis of the information contained on this site.<\/p>\n<\/div>\n\t\t<\/div><\/div><\/div><\/div><\/div><\/div>","protected":false},"excerpt":{"rendered":"MONATSBRIEF \u00dcber die Monatsbriefe haben Sie die M\u00f6glichkeit, sich \u00fcber aktuelle Entwicklungen im Steuerrecht zu informieren. In unserem Archiv haben Sie jederzeit Zugriff auf alle ver\u00f6ffentlichten Ausgaben. Gerne senden wir Ihnen einen Auszug der aktuellen Ausgaben auch per E-Mail zu. Bitte melden Sie sich per E-Mail-Kontakt-Formular\u00a0an. Wir werden Sie dann umgehend in den Verteiler aufnehmen.&hellip;","protected":false},"author":1,"featured_media":0,"parent":0,"menu_order":0,"comment_status":"closed","ping_status":"closed","template":"","meta":{"_monsterinsights_skip_tracking":false,"_monsterinsights_sitenote_active":false,"_monsterinsights_sitenote_note":"","_monsterinsights_sitenote_category":0,"footnotes":""},"class_list":["post-2547","page","type-page","status-publish","hentry"],"_links":{"self":[{"href":"https:\/\/lingott.de\/en\/wp-json\/wp\/v2\/pages\/2547","targetHints":{"allow":["GET"]}}],"collection":[{"href":"https:\/\/lingott.de\/en\/wp-json\/wp\/v2\/pages"}],"about":[{"href":"https:\/\/lingott.de\/en\/wp-json\/wp\/v2\/types\/page"}],"author":[{"embeddable":true,"href":"https:\/\/lingott.de\/en\/wp-json\/wp\/v2\/users\/1"}],"replies":[{"embeddable":true,"href":"https:\/\/lingott.de\/en\/wp-json\/wp\/v2\/comments?post=2547"}],"version-history":[{"count":7,"href":"https:\/\/lingott.de\/en\/wp-json\/wp\/v2\/pages\/2547\/revisions"}],"predecessor-version":[{"id":3044,"href":"https:\/\/lingott.de\/en\/wp-json\/wp\/v2\/pages\/2547\/revisions\/3044"}],"wp:attachment":[{"href":"https:\/\/lingott.de\/en\/wp-json\/wp\/v2\/media?parent=2547"}],"curies":[{"name":"wp","href":"https:\/\/api.w.org\/{rel}","templated":true}]}}