{"id":2548,"date":"2021-01-26T11:50:21","date_gmt":"2021-01-26T10:50:21","guid":{"rendered":"http:\/\/wordpress.lingott.de\/?page_id=2548"},"modified":"2021-06-11T15:12:57","modified_gmt":"2021-06-11T13:12:57","slug":"informationsbriefe","status":"publish","type":"page","link":"https:\/\/lingott.de\/en\/informationsbriefe\/","title":{"rendered":"NEWSLETTERS"},"content":{"rendered":"<div class=\"row wpb_row row-fluid vc_custom_1611658214769\"><div class=\"wpb_column columns medium-12 thb-dark-column small-12\"><div class=\"vc_column-inner\"><div class=\"wpb_wrapper\"><div id=\"informationsbriefe\" class=\"vc_wp_text wpb_content_element anchor-target\"><div class=\"widget widget_text\">\t\t\t<div class=\"textwidget\"><h3><span style=\"color: #910032;\"><strong>NEWSLETTERS<\/strong><\/span><\/h3>\n<p class=\"column_1-1\">You can find out about the latest developments in tax law through the monthly newsletter. In our archive, you have access to all published editions at any time. We will be pleased to send you an extract of the current editions by e-mail. Please register by\u00a0<a title=\"E-Mail\" href=\"https:\/\/www.lingott.de\/index.php\/de\/kontakt\" target=\"_self\" rel=\"noopener noreferrer\"><span style=\"text-decoration: underline;\">e-mail contact form.<\/span><\/a>\u00a0We will then add you to the distribution list.<\/p>\n<\/div>\n\t\t<\/div><\/div><\/div><\/div><\/div><\/div><div class=\"row wpb_row row-fluid vc_custom_1583506114959\"><div class=\"wpb_column columns medium-6 thb-dark-column small-12\"><div class=\"vc_column-inner\"><div class=\"wpb_wrapper\"><div  class=\"vc_wp_text wpb_content_element\"><div class=\"widget widget_text\">\t\t\t<div class=\"textwidget\"><p class=\"column_1-2\"><span style=\"text-decoration: underline;\"><a href=\"https:\/\/lingott.de\/en\/informationsbriefe-aktuell\/\">UP-TO-DATE:<\/a><\/span> Here we inform our clients about current developments in tax law. Read the texts you are interested in in the current newsletters. If you missed the last issue, this is no problem. Nothing gets lost in our archive.<\/p>\n<\/div>\n\t\t<\/div><\/div><\/div><\/div><\/div><div class=\"wpb_column columns medium-6 thb-dark-column small-12\"><div class=\"vc_column-inner\"><div class=\"wpb_wrapper\"><div  class=\"vc_wp_text wpb_content_element\"><div class=\"widget widget_text\">\t\t\t<div class=\"textwidget\"><p><span style=\"text-decoration: underline;\"><a title=\"Archive\" href=\"https:\/\/lingott.de\/en\/informationsbriefe-archiv\/\" target=\"_self\" rel=\"noopener noreferrer\">ARCHIVE<\/a>:<\/span> In our archive you have access to the newsletters of the past months. These are sorted chronologically by year and month.<\/p>\n<\/div>\n\t\t<\/div><\/div><\/div><\/div><\/div><\/div><div class=\"row wpb_row row-fluid vc_custom_1611658219939\"><div class=\"wpb_column columns medium-12 thb-dark-column small-12\"><div class=\"vc_column-inner\"><div class=\"wpb_wrapper\"><div  class=\"vc_wp_text wpb_content_element\"><div class=\"widget widget_text\">\t\t\t<div class=\"textwidget\"><p class=\"column_1-1\">The content of this site is only for general information. It does not constitute any kind of advice (legal or otherwise) and should not be used as such. We are not responsible for any actions that may be taken on the basis of the information contained on this site.<\/p>\n<\/div>\n\t\t<\/div><\/div><\/div><\/div><\/div><\/div>","protected":false},"excerpt":{"rendered":"INFORMATIONSBRIEFE \u00dcber die monatlich erscheinenden Informationsbriefe haben Sie die M\u00f6glichkeit, sich \u00fcber aktuelle Entwicklungen im Steuerrecht zu informieren. In unserem Archiv haben Sie jederzeit Zugriff auf alle ver\u00f6ffentlichten Ausgaben. Gerne senden wir Ihnen einen Auszug der aktuellen Ausgaben auch per E-Mail zu. Bitte melden Sie sich per\u00a0E-Mail-Kontakt-Formular\u00a0an. Wir werden Sie dann in den Verteiler aufnehmen.&hellip;","protected":false},"author":1,"featured_media":0,"parent":0,"menu_order":0,"comment_status":"closed","ping_status":"closed","template":"","meta":{"_monsterinsights_skip_tracking":false,"_monsterinsights_sitenote_active":false,"_monsterinsights_sitenote_note":"","_monsterinsights_sitenote_category":0,"footnotes":""},"class_list":["post-2548","page","type-page","status-publish","hentry"],"_links":{"self":[{"href":"https:\/\/lingott.de\/en\/wp-json\/wp\/v2\/pages\/2548","targetHints":{"allow":["GET"]}}],"collection":[{"href":"https:\/\/lingott.de\/en\/wp-json\/wp\/v2\/pages"}],"about":[{"href":"https:\/\/lingott.de\/en\/wp-json\/wp\/v2\/types\/page"}],"author":[{"embeddable":true,"href":"https:\/\/lingott.de\/en\/wp-json\/wp\/v2\/users\/1"}],"replies":[{"embeddable":true,"href":"https:\/\/lingott.de\/en\/wp-json\/wp\/v2\/comments?post=2548"}],"version-history":[{"count":2,"href":"https:\/\/lingott.de\/en\/wp-json\/wp\/v2\/pages\/2548\/revisions"}],"predecessor-version":[{"id":3611,"href":"https:\/\/lingott.de\/en\/wp-json\/wp\/v2\/pages\/2548\/revisions\/3611"}],"wp:attachment":[{"href":"https:\/\/lingott.de\/en\/wp-json\/wp\/v2\/media?parent=2548"}],"curies":[{"name":"wp","href":"https:\/\/api.w.org\/{rel}","templated":true}]}}