{"id":330,"date":"2018-02-20T15:01:35","date_gmt":"2018-02-20T14:01:35","guid":{"rendered":"http:\/\/revolution.fuelthemes.net\/revolution-classic\/?page_id=185"},"modified":"2022-08-18T11:46:12","modified_gmt":"2022-08-18T09:46:12","slug":"unternehmen-online","status":"publish","type":"page","link":"https:\/\/lingott.de\/en\/unternehmen-online\/","title":{"rendered":"COMPANY ONLINE"},"content":{"rendered":"<div class=\"row wpb_row row-fluid vc_custom_1595407271792\"><div class=\"wpb_column columns medium-12 thb-dark-column small-12\"><div class=\"vc_column-inner\"><div class=\"wpb_wrapper\"><div  class=\"vc_wp_text wpb_content_element\"><div class=\"widget widget_text\">\t\t\t<div class=\"textwidget\"><h3><span style=\"color: #910032;\">COMPANY ONLINE<\/span><\/h3>\n<\/div>\n\t\t<\/div><\/div><\/div><\/div><\/div><\/div><div class=\"row wpb_row row-fluid vc_custom_1583504180269\"><div class=\"wpb_column columns medium-10 thb-dark-column small-12\"><div class=\"vc_column-inner\"><div class=\"wpb_wrapper\"><div  class=\"vc_wp_text wpb_content_element\"><div class=\"widget widget_text\">\t\t\t<div class=\"textwidget\"><h5><span style=\"color: #910032;\"><strong>DATEV order management online<\/strong><\/span><\/h5>\n<p class=\"column_1-1\">With DATEV order management online, the additional module for DATEV company online, you can easily create all sales documents online: from the order confirmation to the delivery note to the invoice. All documents can be transferred to the next processing stage, for example an offer can be transferred directly to an invoice. Companies can react quickly to customer inquiries if necessary. The receipts can be designed individually - to match your corporate identity. All of the documents that we need for the preparation of your bookkeeping can be made available to us online immediately through companies. See in the demo how quickly and easily sales documents can be created online in DATEV order management.<\/p>\n<div id=\"gtx-trans\" style=\"position: absolute; left: 129px; top: -3.82813px;\">\n<div class=\"gtx-trans-icon\"><\/div>\n<\/div>\n<\/div>\n\t\t<\/div><\/div><\/div><\/div><\/div><div class=\"wpb_column columns medium-2 thb-dark-column small-12\"><div class=\"vc_column-inner\"><div class=\"wpb_wrapper\"><\/div><\/div><\/div><\/div><div class=\"row wpb_row row-fluid vc_custom_1583504274250\"><div class=\"wpb_column columns medium-10 thb-dark-column small-12\"><div class=\"vc_column-inner\"><div class=\"wpb_wrapper\"><div  class=\"vc_wp_text wpb_content_element\"><div class=\"widget widget_text\">\t\t\t<div class=\"textwidget\"><div class=\"column_1-1\">\n<h5><span style=\"color: #910032;\"><strong>DATEV company online: digital collaboration<\/strong><\/span><\/h5>\n<p class=\"column_1-1\">DATEV company online combines all the advantages of digital collaboration in financial accounting and payroll accounting. See in the demo how the cloud application ensures seamless and secure data exchange from data entry at the company to the provision of the reports created by your tax advisor - without any paperwork.<\/p>\n<\/div>\n<div id=\"gtx-trans\" style=\"position: absolute; left: 245px; top: 40.1719px;\">\n<div class=\"gtx-trans-icon\"><\/div>\n<\/div>\n<\/div>\n\t\t<\/div><\/div><\/div><\/div><\/div><div class=\"wpb_column columns medium-2 thb-dark-column small-12\"><div class=\"vc_column-inner\"><div class=\"wpb_wrapper\"><\/div><\/div><\/div><\/div><div class=\"row wpb_row row-fluid vc_custom_1583504201851\"><div class=\"wpb_column columns medium-10 thb-dark-column small-12\"><div class=\"vc_column-inner\"><div class=\"wpb_wrapper\"><div  class=\"vc_wp_text wpb_content_element\"><div class=\"widget widget_text\">\t\t\t<div class=\"textwidget\"><h5><span style=\"color: #910032;\"><strong>DATEV company online: send receipts digitally<\/strong><\/span><\/h5>\n<p class=\"column_1-1\">DATEV company online ensures optimal cooperation between you and your tax advisor in financial accounting. See in the demo how incoming and outgoing invoices as well as documents for financial accounting, payroll or cost and performance accounting can be exchanged digitally and flexibly.<\/p>\n<div id=\"gtx-trans\" style=\"position: absolute; left: 143px; top: 59.1719px;\">\n<div class=\"gtx-trans-icon\"><\/div>\n<\/div>\n<\/div>\n\t\t<\/div><\/div><\/div><\/div><\/div><div class=\"wpb_column columns medium-2 thb-dark-column small-12\"><div class=\"vc_column-inner\"><div class=\"wpb_wrapper\"><\/div><\/div><\/div><\/div><div class=\"row wpb_row row-fluid vc_custom_1583504234811\"><div class=\"wpb_column columns medium-10 thb-dark-column small-12\"><div class=\"vc_column-inner\"><div class=\"wpb_wrapper\"><div  class=\"vc_wp_text wpb_content_element\"><div class=\"widget widget_text\">\t\t\t<div class=\"textwidget\"><div class=\"column_1-1\">\n<h5><span style=\"color: #910032;\"><strong>DATEV company online: send wage data digitally<\/strong><\/span><\/h5>\n<p class=\"column_1-1\">DATEV company online enables you to work seamlessly with your tax advisor on payroll. See in the demo how wage data and documents can be exchanged quickly and easily.<\/p>\n<\/div>\n<\/div>\n\t\t<\/div><\/div><\/div><\/div><\/div><div class=\"wpb_column columns medium-2 thb-dark-column small-12\"><div class=\"vc_column-inner\"><div class=\"wpb_wrapper\"><\/div><\/div><\/div><\/div>","protected":false},"excerpt":{"rendered":"UNTERNEHMEN ONLINE DATEV Auftragswesen online Mit DATEV Auftragswesen online, dem Zusatzmodul zu DATEV Unternehmen online, k\u00f6nnen Sie ganz einfach alle Verkaufsbelege online erstellen: von der Auftragsbest\u00e4tigung \u00fcber den Lieferschein bis hin zur Rechnung. Alle Belege lassen sich in die n\u00e4chste Bearbeitungsstufe \u00fcberf\u00fchren, zum Beispiel kann ein Angebot direkt in eine Rechnung weitergef\u00fchrt werden. Unternehmen reagieren&hellip;","protected":false},"author":1,"featured_media":0,"parent":0,"menu_order":0,"comment_status":"closed","ping_status":"closed","template":"","meta":{"_monsterinsights_skip_tracking":false,"_monsterinsights_sitenote_active":false,"_monsterinsights_sitenote_note":"","_monsterinsights_sitenote_category":0,"footnotes":""},"class_list":["post-330","page","type-page","status-publish","hentry"],"_links":{"self":[{"href":"https:\/\/lingott.de\/en\/wp-json\/wp\/v2\/pages\/330","targetHints":{"allow":["GET"]}}],"collection":[{"href":"https:\/\/lingott.de\/en\/wp-json\/wp\/v2\/pages"}],"about":[{"href":"https:\/\/lingott.de\/en\/wp-json\/wp\/v2\/types\/page"}],"author":[{"embeddable":true,"href":"https:\/\/lingott.de\/en\/wp-json\/wp\/v2\/users\/1"}],"replies":[{"embeddable":true,"href":"https:\/\/lingott.de\/en\/wp-json\/wp\/v2\/comments?post=330"}],"version-history":[{"count":108,"href":"https:\/\/lingott.de\/en\/wp-json\/wp\/v2\/pages\/330\/revisions"}],"predecessor-version":[{"id":4190,"href":"https:\/\/lingott.de\/en\/wp-json\/wp\/v2\/pages\/330\/revisions\/4190"}],"wp:attachment":[{"href":"https:\/\/lingott.de\/en\/wp-json\/wp\/v2\/media?parent=330"}],"curies":[{"name":"wp","href":"https:\/\/api.w.org\/{rel}","templated":true}]}}