{"id":334,"date":"2018-04-02T10:30:36","date_gmt":"2018-04-02T10:30:36","guid":{"rendered":"http:\/\/revolution.fuelthemes.net\/revolution-classic\/?page_id=306"},"modified":"2026-01-09T16:34:12","modified_gmt":"2026-01-09T15:34:12","slug":"steuerberatung","status":"publish","type":"page","link":"https:\/\/lingott.de\/en\/steuerberatung\/","title":{"rendered":"TAX CONSULTATION"},"content":{"rendered":"<div class=\"row wpb_row row-fluid STEUERBERATUNG vc_custom_1595407051161\"><div class=\"wpb_column columns medium-12 thb-dark-column small-12\"><div class=\"vc_column-inner\"><div class=\"wpb_wrapper\"><div  class=\"vc_wp_text wpb_content_element\"><div class=\"widget widget_text\">\t\t\t<div class=\"textwidget\"><h3><span style=\"color: #910032;\">TAX CONSULTATION<\/span><\/h3>\n<\/div>\n\t\t<\/div><\/div><\/div><\/div><\/div><\/div><div class=\"row wpb_row row-fluid vc_custom_1611657232425\"><div class=\"wpb_column columns medium-6 thb-dark-column small-12\"><div class=\"vc_column-inner   vc_custom_1587393569303\"><div class=\"wpb_wrapper\"><div  class=\"vc_wp_text wpb_content_element\"><div class=\"widget widget_text\">\t\t\t<div class=\"textwidget\"><ul>\n<li>Conseptual design of a company start-up<\/li>\n<li><span style=\"text-decoration: underline;\"><a title=\"Consultancy services around the subject of wages\" href=\"http:\/\/www.datev.de\/adserver-dateien\/bl-lohn\/index-bl-lohn.htm\" target=\"_blank\" rel=\"noopener noreferrer\">Consultancy services around the subject of wages<\/a><\/span><\/li>\n<li><span style=\"text-decoration: underline;\"><a title=\"Lohnbuchf\u00fchrung\" href=\"https:\/\/www.datev.de\/adserver-dateien\/lcn\/index-dlcn.htm\" target=\"_blank\" rel=\"noopener noreferrer\">Personnel<\/a><\/span>, electronic finance and property accounting<\/li>\n<li><span style=\"text-decoration: underline;\"><a title=\"Travel expense reports\" href=\"http:\/\/www.datev.de\/adserver-dateien\/reisekosten\/index-reisekosten.htm\" target=\"_blank\" rel=\"noopener noreferrer\">Travel expense reports<\/a><\/span><\/li>\n<li>Taxation of company agreements<\/li>\n<li>Examination of tax demands<\/li>\n<li>Lodging of legal remedy<\/li>\n<li>Litigation at financial courts<\/li>\n<li><span style=\"text-decoration: underline;\"><a href=\"http:\/\/www.datev.de\/adserver-dateien\/steuern\/index-steuer.htm\">Income-tax return <\/a><\/span>f\u00fcr Gesellschaften jeder Rechtsform, privat- und \u00f6ffentlichrechtliche Vereine, Berufsverb\u00e4nde und Stiftungen, Gesellschafter, Einzelunternehmer, Freiberufler und Privatpersonen<\/li>\n<\/ul>\n<\/div>\n\t\t<\/div><\/div><\/div><\/div><\/div><div class=\"wpb_column columns medium-6 thb-dark-column small-12\"><div class=\"vc_column-inner\"><div class=\"wpb_wrapper\"><div  class=\"vc_wp_text wpb_content_element\"><div class=\"widget widget_text\">\t\t\t<div class=\"textwidget\"><ul>\n<li>Preparation of the US federal income tax returns and, if necessary, the state income tax returns for Germans with income in the US, US expatriates or greencard-holder<\/li>\n<li>Jahresabschl\u00fcsse unter Ausnutzung steuerlicher und handelsrechtlicher Wahlrechte<\/li>\n<li>Participation in tax audits<\/li>\n<li>Advice on international tax law, taking into account double-taxation agreements<\/li>\n<li>Tax planning \/ comparison of tax charges<\/li>\n<li>Choice of law form from a tax perspective<\/li>\n<li>Advice on the tax implications of planned decisions<\/li>\n<li>Applications for investment premiums<\/li>\n<li>Test reports \u00a7 16 MaBV<\/li>\n<li>Voluntary disclosures according to \u00a7 371 AO<\/li>\n<\/ul>\n<\/div>\n\t\t<\/div><\/div><\/div><\/div><\/div><\/div>","protected":false},"excerpt":{"rendered":"STEUERBERATUNG Konzeptionierung von Existenzgr\u00fcndungen Beratungsleistungen rund um das Thema Lohn Lohn-, elektronische Finanz-, Anlagenbuchf\u00fchrung Reisekostenabrechnungen Steuerliche Gestaltung von Gesellschaftervertr\u00e4gen Pr\u00fcfung von Steuerbescheiden Einlegung von Rechtsbehelfen Prozessf\u00fchrung bei Finanzgerichten Steuererkl\u00e4rungen f\u00fcr Gesellschaften jeder Rechtsform, privat- und \u00f6ffentlichrechtliche Vereine, Berufsverb\u00e4nde und Stiftungen, Gesellschafter, Einzelunternehmer, Freiberufler und Privatpersonen Anfertigung des US Federal Income Tax Returns sowie, falls erforderlich,&hellip;","protected":false},"author":1,"featured_media":0,"parent":0,"menu_order":0,"comment_status":"closed","ping_status":"closed","template":"","meta":{"_monsterinsights_skip_tracking":false,"_monsterinsights_sitenote_active":false,"_monsterinsights_sitenote_note":"","_monsterinsights_sitenote_category":0,"footnotes":""},"class_list":["post-334","page","type-page","status-publish","hentry"],"_links":{"self":[{"href":"https:\/\/lingott.de\/en\/wp-json\/wp\/v2\/pages\/334","targetHints":{"allow":["GET"]}}],"collection":[{"href":"https:\/\/lingott.de\/en\/wp-json\/wp\/v2\/pages"}],"about":[{"href":"https:\/\/lingott.de\/en\/wp-json\/wp\/v2\/types\/page"}],"author":[{"embeddable":true,"href":"https:\/\/lingott.de\/en\/wp-json\/wp\/v2\/users\/1"}],"replies":[{"embeddable":true,"href":"https:\/\/lingott.de\/en\/wp-json\/wp\/v2\/comments?post=334"}],"version-history":[{"count":178,"href":"https:\/\/lingott.de\/en\/wp-json\/wp\/v2\/pages\/334\/revisions"}],"predecessor-version":[{"id":4432,"href":"https:\/\/lingott.de\/en\/wp-json\/wp\/v2\/pages\/334\/revisions\/4432"}],"wp:attachment":[{"href":"https:\/\/lingott.de\/en\/wp-json\/wp\/v2\/media?parent=334"}],"curies":[{"name":"wp","href":"https:\/\/api.w.org\/{rel}","templated":true}]}}