{"id":488,"date":"2020-03-04T15:37:15","date_gmt":"2020-03-04T14:37:15","guid":{"rendered":"http:\/\/wordpress.lingott.de\/?page_id=488"},"modified":"2023-10-05T13:50:26","modified_gmt":"2023-10-05T11:50:26","slug":"rechnungswesen","status":"publish","type":"page","link":"https:\/\/lingott.de\/en\/rechnungswesen\/","title":{"rendered":"ACCOUNTING"},"content":{"rendered":"<div class=\"row wpb_row row-fluid vc_custom_1587345896686\"><div class=\"wpb_column columns medium-12 thb-dark-column small-12\"><div class=\"vc_column-inner\"><div class=\"wpb_wrapper\"><div  class=\"vc_wp_text wpb_content_element\"><div class=\"widget widget_text\">\t\t\t<div class=\"textwidget\"><h3><span style=\"color: #910032;\">ACCOUNTING<\/span><\/h3>\n<\/div>\n\t\t<\/div><\/div><\/div><\/div><\/div><\/div><div class=\"row wpb_row row-fluid\"><div class=\"wpb_column columns medium-10 thb-dark-column small-12\"><div class=\"vc_column-inner\"><div class=\"wpb_wrapper\"><div  class=\"vc_wp_text wpb_content_element\"><div class=\"widget widget_text\">\t\t\t<div class=\"textwidget\"><div class=\"column_1-1\">\n<h5><span style=\"color: #910032;\"><strong>DATEV mid tier invoicing<\/strong><\/span><\/h5>\n<p>DATEV mid tier invoicing is the complete commercial solution for companies that want to efficiently process their sales process - from the offer to the invoice - and have their tax advisor do the bookkeeping. The software consists of components for order management and digital document filing as well as DATEV companies online as an exchange platform for cooperation with the law firm. With DATEV mid tier invoicing you can create all sales documents, maintain current data on prices, articles and customers centrally, manage digital documents in a structured manner and call up reports on the status of your order processing at the push of a button. See in the demo how the order management can be designed simply and efficiently with DATEV mid tier invoicing.<\/p>\n<\/div>\n<div id=\"gtx-trans\" style=\"position: absolute; left: 143px; top: -3.82813px;\">\n<div class=\"gtx-trans-icon\"><\/div>\n<\/div>\n<\/div>\n\t\t<\/div><\/div><\/div><\/div><\/div><div class=\"wpb_column columns medium-2 thb-dark-column small-12\"><div class=\"vc_column-inner\"><div class=\"wpb_wrapper\"><div  class=\"vc_wp_text wpb_content_element\"><div class=\"widget widget_text\">\t\t\t<div class=\"textwidget\"><div id=\"mym-insert-here-97433\"><\/div>\n<p><script src=\"https:\/\/www.datev-mymarketing.de\/onlineMedia\/code.js?ids=97433\"><\/script><\/p>\n<\/div>\n\t\t<\/div><\/div><\/div><\/div><\/div><\/div><div class=\"row wpb_row row-fluid\"><div class=\"wpb_column columns medium-10 thb-dark-column small-12\"><div class=\"vc_column-inner\"><div class=\"wpb_wrapper\"><div  class=\"vc_wp_text wpb_content_element\"><div class=\"widget widget_text\">\t\t\t<div class=\"textwidget\"><div class=\"column_1-1\">\n<div class=\"column_1-1\">\n<h5><span style=\"color: #910032;\"><strong>DATEV mid tier invoicing with accounting<\/strong><\/span><\/h5>\n<\/div>\n<p class=\"column_1-1\">DATEV mid tier invoicing with accounting makes a lot of things easy. The complete solution combines all essential commercial functions under one central interface - from order management to accounting and digital document filing to payment transactions. This makes DATEV mid tier invoicing with accounting the suitable solution for companies that create bookkeeping in the company and are looking for integrated software to optimize their business processes. See in the demo how the program DATEV mid tier invoicing with accounting works.<\/p>\n<\/div>\n<div id=\"gtx-trans\" style=\"position: absolute; left: 183px; top: -3.82813px;\">\n<div class=\"gtx-trans-icon\"><\/div>\n<\/div>\n<\/div>\n\t\t<\/div><\/div><\/div><\/div><\/div><\/div><div class=\"row wpb_row row-fluid\"><div class=\"wpb_column columns medium-10 thb-dark-column small-12\"><div class=\"vc_column-inner\"><div class=\"wpb_wrapper\"><div  class=\"vc_wp_text wpb_content_element\"><div class=\"widget widget_text\">\t\t\t<div class=\"textwidget\"><div class=\"column_1-1\">\n<h5 class=\"column_1-1\"><strong><span style=\"color: #910032;\">DATEV cost accounting<\/span><\/strong><\/h5>\n<p class=\"column_1-1\">The DATEV cost accounting shows you with facts and figures which departments work particularly effectively, in which product groups there might be excessive or unnecessary costs. The demo shows you how you can use DATEV cost accounting to identify potential and undesirable developments in good time, take countermeasures and thus increase your competitiveness.<\/p>\n<\/div>\n<div id=\"gtx-trans\" style=\"position: absolute; left: 102px; top: 40.1719px;\">\n<div class=\"gtx-trans-icon\"><\/div>\n<\/div>\n<\/div>\n\t\t<\/div><\/div><\/div><\/div><\/div><\/div><div class=\"row wpb_row row-fluid\"><div class=\"wpb_column columns medium-10 thb-dark-column small-12\"><div class=\"vc_column-inner\"><div class=\"wpb_wrapper\"><div  class=\"vc_wp_text wpb_content_element\"><div class=\"widget widget_text\">\t\t\t<div class=\"textwidget\"><div class=\"column_1-1\">\n<h5 class=\"column_1-1\"><strong><span style=\"color: #910032;\">Digital document booking with DATEV mid tier<\/span><\/strong><\/h5>\n<p class=\"column_1-1\">The demo shows you how you can create your bookkeeping more efficiently with digital voucher bookings.<\/p>\n<\/div>\n<div id=\"gtx-trans\" style=\"position: absolute; left: 102px; top: 40.1719px;\">\n<div class=\"gtx-trans-icon\"><\/div>\n<\/div>\n<\/div>\n\t\t<\/div><\/div><\/div><\/div><\/div><div class=\"wpb_column columns medium-2 thb-dark-column small-12\"><div class=\"vc_column-inner\"><div class=\"wpb_wrapper\"><div  class=\"vc_wp_text wpb_content_element\"><div class=\"widget widget_text\">\t\t\t<div class=\"textwidget\"><div id=\"mym-insert-here-97447\"><\/div>\n<p><script src=\"https:\/\/www.datev-mymarketing.de\/onlineMedia\/code.js?ids=97447\"><\/script><\/p>\n<\/div>\n\t\t<\/div><\/div><\/div><\/div><\/div><\/div><div class=\"row wpb_row row-fluid\"><div class=\"wpb_column columns medium-10 thb-dark-column small-12\"><div class=\"vc_column-inner\"><div class=\"wpb_wrapper\"><div  class=\"vc_wp_text wpb_content_element\"><div class=\"widget widget_text\">\t\t\t<div class=\"textwidget\"><h5><span style=\"color: #910032;\"><strong>Replacement scanning<\/strong><\/span><\/h5>\n<p class=\"column_1-1\">With the substitute scanning, you no longer have to keep original accounting records in paper form in the future. With the demo we show you the conditions under which you can destroy the original receipts after they have been scanned.<\/p>\n<div id=\"gtx-trans\" style=\"position: absolute; left: 82px; top: -3.82813px;\">\n<div class=\"gtx-trans-icon\"><\/div>\n<\/div>\n<\/div>\n\t\t<\/div><\/div><\/div><\/div><\/div><div class=\"wpb_column columns medium-2 thb-dark-column small-12\"><div class=\"vc_column-inner\"><div class=\"wpb_wrapper\"><div  class=\"vc_wp_text wpb_content_element\"><div class=\"widget widget_text\">\t\t\t<div class=\"textwidget\"><div id=\"mym-insert-here-97448\"><\/div>\n<p><script src=\"https:\/\/www.datev-mymarketing.de\/onlineMedia\/code.js?ids=97448\"><\/script><\/p>\n<\/div>\n\t\t<\/div><\/div><\/div><\/div><\/div><\/div><div class=\"row wpb_row row-fluid\"><div class=\"wpb_column columns medium-10 thb-dark-column small-12\"><div class=\"vc_column-inner\"><div class=\"wpb_wrapper\"><div  class=\"vc_wp_text wpb_content_element\"><div class=\"widget widget_text\">\t\t\t<div class=\"textwidget\"><h5><strong><span style=\"color: #910032;\">Proper cash management<\/span><\/strong><\/h5>\n<div class=\"column_1-1\">All cash business transactions of a company should always be processed via the cash register and recorded daily in a cash book. The legislature is tightening the requirements for cash management in several steps. The demo provides you with information on this topic in order to avoid appraisals in the company and liability risks.<\/div>\n<div id=\"gtx-trans\" style=\"position: absolute; left: 102px; top: 40.1719px;\">\n<div class=\"gtx-trans-icon\"><\/div>\n<\/div>\n<\/div>\n\t\t<\/div><\/div><\/div><\/div><\/div><div class=\"wpb_column columns medium-2 thb-dark-column small-12\"><div class=\"vc_column-inner\"><div class=\"wpb_wrapper\"><div  class=\"vc_wp_text wpb_content_element\"><div class=\"widget widget_text\">\t\t\t<div class=\"textwidget\"><div id=\"mym-insert-here-108639\"><\/div>\n<p><script src=\"https:\/\/www.datev-mymarketing.de\/onlineMedia\/code.js?ids=108639\"><\/script><\/p>\n<\/div>\n\t\t<\/div><\/div><\/div><\/div><\/div><\/div>","protected":false},"excerpt":{"rendered":"RECHNUNGSWESEN DATEV Mittelstand Faktura DATEV Mittelstand Faktura ist die kaufm\u00e4nnische Komplettl\u00f6sung f\u00fcr Unternehmen, die ihren Verkaufsprozess \u2013 vom Angebot bis zur Rechnung \u2013 effizient bearbeiten wollen und die Buchf\u00fchrung von ihrem Steuerberater erstellen lassen. Die Software besteht aus Komponenten zum Auftragswesen und zur digitalen Dokumentenablage sowie DATEV Unternehmen online als Austauschplattform f\u00fcr die Zusammenarbeit mit&hellip;","protected":false},"author":1,"featured_media":0,"parent":0,"menu_order":0,"comment_status":"closed","ping_status":"closed","template":"","meta":{"_monsterinsights_skip_tracking":false,"_monsterinsights_sitenote_active":false,"_monsterinsights_sitenote_note":"","_monsterinsights_sitenote_category":0,"footnotes":""},"class_list":["post-488","page","type-page","status-publish","hentry"],"_links":{"self":[{"href":"https:\/\/lingott.de\/en\/wp-json\/wp\/v2\/pages\/488","targetHints":{"allow":["GET"]}}],"collection":[{"href":"https:\/\/lingott.de\/en\/wp-json\/wp\/v2\/pages"}],"about":[{"href":"https:\/\/lingott.de\/en\/wp-json\/wp\/v2\/types\/page"}],"author":[{"embeddable":true,"href":"https:\/\/lingott.de\/en\/wp-json\/wp\/v2\/users\/1"}],"replies":[{"embeddable":true,"href":"https:\/\/lingott.de\/en\/wp-json\/wp\/v2\/comments?post=488"}],"version-history":[{"count":35,"href":"https:\/\/lingott.de\/en\/wp-json\/wp\/v2\/pages\/488\/revisions"}],"predecessor-version":[{"id":4298,"href":"https:\/\/lingott.de\/en\/wp-json\/wp\/v2\/pages\/488\/revisions\/4298"}],"wp:attachment":[{"href":"https:\/\/lingott.de\/en\/wp-json\/wp\/v2\/media?parent=488"}],"curies":[{"name":"wp","href":"https:\/\/api.w.org\/{rel}","templated":true}]}}