{"id":525,"date":"2020-03-05T08:41:42","date_gmt":"2020-03-05T07:41:42","guid":{"rendered":"http:\/\/wordpress.lingott.de\/?page_id=525"},"modified":"2022-04-01T12:57:27","modified_gmt":"2022-04-01T10:57:27","slug":"steuererklaerung-beratung","status":"publish","type":"page","link":"https:\/\/lingott.de\/en\/steuererklaerung-beratung\/","title":{"rendered":"TAX RETURN AND CONSULTANCY"},"content":{"rendered":"<div class=\"row wpb_row row-fluid vc_custom_1587346069940\"><div class=\"wpb_column columns medium-12 thb-dark-column small-12\"><div class=\"vc_column-inner\"><div class=\"wpb_wrapper\"><div  class=\"vc_wp_text wpb_content_element\"><div class=\"widget widget_text\">\t\t\t<div class=\"textwidget\"><h3><span style=\"color: #910032;\">TAX RETURN AND CONSULTANCY<\/span><\/h3>\n<\/div>\n\t\t<\/div><\/div><\/div><\/div><\/div><\/div><div class=\"row wpb_row row-fluid\"><div class=\"wpb_column columns medium-10 thb-dark-column small-12\"><div class=\"vc_column-inner\"><div class=\"wpb_wrapper\"><div  class=\"vc_wp_text wpb_content_element\"><div class=\"widget widget_text\">\t\t\t<div class=\"textwidget\"><div class=\"column_1-1\">\n<h5><span style=\"color: #910032;\"><strong>Exchange documents with DATEV My Taxes<\/strong><\/span><\/h5>\n<p class=\"column_1-1\">The demo explains the digital collaboration on tax returns.<\/p>\n<\/div>\n<div id=\"gtx-trans\" style=\"position: absolute; left: -139px; top: -3.82813px;\">\n<div class=\"gtx-trans-icon\"><\/div>\n<\/div>\n<\/div>\n\t\t<\/div><\/div><\/div><\/div><\/div><div class=\"wpb_column columns medium-2 thb-dark-column small-12\"><div class=\"vc_column-inner\"><div class=\"wpb_wrapper\"><div  class=\"vc_wp_text wpb_content_element\"><div class=\"widget widget_text\">\t\t\t<div class=\"textwidget\"><div id=\"mym-insert-here-97451\"><\/div>\n<p><script src=\"https:\/\/www.datev-mymarketing.de\/onlineMedia\/code.js?ids=97451\"><\/script><\/p>\n<\/div>\n\t\t<\/div><\/div><\/div><\/div><\/div><\/div><div class=\"row wpb_row row-fluid\"><div class=\"wpb_column columns medium-10 thb-dark-column small-12\"><div class=\"vc_column-inner\"><div class=\"wpb_wrapper\"><div  class=\"vc_wp_text wpb_content_element\"><div class=\"widget widget_text\">\t\t\t<div class=\"textwidget\"><div class=\"column_1-1\">\n<h5><span style=\"color: #910032;\"><strong>Sign-off by the client<\/strong><\/span><\/h5>\n<p class=\"column_1-1\">The demo shows you how you can easily approve your tax return and e-balance sheet online via the DATEV Freizeichnung portal.<\/p>\n<\/div>\n<\/div>\n\t\t<\/div><\/div><\/div><\/div><\/div><div class=\"wpb_column columns medium-2 thb-dark-column small-12\"><div class=\"vc_column-inner\"><div class=\"wpb_wrapper\"><div  class=\"vc_wp_text wpb_content_element\"><div class=\"widget widget_text\">\t\t\t<div class=\"textwidget\"><div id=\"mym-insert-here-97449\"><\/div>\n<p><script src=\"https:\/\/www.datev-mymarketing.de\/onlineMedia\/code.js?ids=97449\"><\/script><\/p>\n<\/div>\n\t\t<\/div><\/div><div  class=\"vc_wp_text wpb_content_element\"><div class=\"widget widget_text\">\t\t\t<div class=\"textwidget\"><div id=\"mym-insert-here-97451\"><\/div>\n<p><script src=\"https:\/\/www.datev-mymarketing.de\/onlineMedia\/code.js?ids=97451\"><\/script><\/p>\n<\/div>\n\t\t<\/div><\/div><\/div><\/div><\/div><\/div>","protected":false},"excerpt":{"rendered":"STEUERERKL\u00c4RUNG UND -BERATUNG Dokumente austauschen mit DATEV Meine Steuern Die Demo erl\u00e4utert Ihnen die digitale Zusammenarbeit bei der Steuererkl\u00e4rung. Freizeichnung durch den Mandanten Die Demo zeigt Ihnen, wie Sie Ihre Steuererkl\u00e4rung und E-Bilanz bequem \u00fcber das Portal DATEV Freizeichnung online freigegeben k\u00f6nnen.","protected":false},"author":1,"featured_media":0,"parent":0,"menu_order":0,"comment_status":"closed","ping_status":"closed","template":"","meta":{"_monsterinsights_skip_tracking":false,"_monsterinsights_sitenote_active":false,"_monsterinsights_sitenote_note":"","_monsterinsights_sitenote_category":0,"footnotes":""},"class_list":["post-525","page","type-page","status-publish","hentry"],"_links":{"self":[{"href":"https:\/\/lingott.de\/en\/wp-json\/wp\/v2\/pages\/525","targetHints":{"allow":["GET"]}}],"collection":[{"href":"https:\/\/lingott.de\/en\/wp-json\/wp\/v2\/pages"}],"about":[{"href":"https:\/\/lingott.de\/en\/wp-json\/wp\/v2\/types\/page"}],"author":[{"embeddable":true,"href":"https:\/\/lingott.de\/en\/wp-json\/wp\/v2\/users\/1"}],"replies":[{"embeddable":true,"href":"https:\/\/lingott.de\/en\/wp-json\/wp\/v2\/comments?post=525"}],"version-history":[{"count":12,"href":"https:\/\/lingott.de\/en\/wp-json\/wp\/v2\/pages\/525\/revisions"}],"predecessor-version":[{"id":4148,"href":"https:\/\/lingott.de\/en\/wp-json\/wp\/v2\/pages\/525\/revisions\/4148"}],"wp:attachment":[{"href":"https:\/\/lingott.de\/en\/wp-json\/wp\/v2\/media?parent=525"}],"curies":[{"name":"wp","href":"https:\/\/api.w.org\/{rel}","templated":true}]}}