{"id":536,"date":"2020-03-05T08:46:10","date_gmt":"2020-03-05T07:46:10","guid":{"rendered":"http:\/\/wordpress.lingott.de\/?page_id=536"},"modified":"2021-11-19T15:03:11","modified_gmt":"2021-11-19T14:03:11","slug":"demos","status":"publish","type":"page","link":"https:\/\/lingott.de\/en\/demos\/","title":{"rendered":"DEMOS"},"content":{"rendered":"<div class=\"row wpb_row row-fluid vc_custom_1587345605454\"><div class=\"wpb_column columns medium-12 thb-dark-column small-12\"><div class=\"vc_column-inner\"><div class=\"wpb_wrapper\"><div  class=\"vc_wp_text wpb_content_element\"><div class=\"widget widget_text\">\t\t\t<div class=\"textwidget\"><h3><span style=\"color: #910032;\">DEMOS<\/span><\/h3>\n<div id=\"gtx-trans\" style=\"position: absolute; left: 43px; top: -6.56534px;\">\n<div class=\"gtx-trans-icon\"><\/div>\n<\/div>\n<\/div>\n\t\t<\/div><\/div><\/div><\/div><\/div><\/div><div class=\"row wpb_row row-fluid vc_custom_1587530502239\"><div class=\"wpb_column columns medium-6 thb-dark-column small-12\"><div class=\"vc_column-inner\"><div class=\"wpb_wrapper\"><div  class=\"vc_wp_text wpb_content_element\"><div class=\"widget widget_text\">\t\t\t<div class=\"textwidget\"><div class=\"column_1-1\">\n<p>The demos show process-based and action-oriented how the concepts and programs of\u00a0<strong>DATEV<\/strong>\u00a0that we support work.<\/p>\n<p>We show you with the online demos:<\/p>\n<ul>\n<li><strong>Unternehmen Online<\/strong>, how to simplify work processes and commercial tasks in the company and the possibilities for all aspects of payroll services from our law firm.<\/li>\n<li><strong>Rechnungswesen<\/strong>\u00a0vividly the advantages of bookkeeping with digital documents and electronic invoicing and offer you an insight into the DATEV solutions.<\/li>\n<li><strong>Controlling<\/strong>, how you can ensure uniform controlling and reporting in your foreign subsidiaries.<\/li>\n<li><strong>Steuererkl\u00e4rung und -beratung<\/strong> information about the preparation of the tax return.<\/li>\n<\/ul>\n<\/div>\n<\/div>\n\t\t<\/div><\/div><\/div><\/div><\/div><div class=\"wpb_column columns medium-6 thb-dark-column small-12\"><div class=\"vc_column-inner\"><div class=\"wpb_wrapper\"><div  class=\"vc_wp_text wpb_content_element\"><div class=\"widget widget_text\">\t\t\t<div class=\"textwidget\"><p>With\u00a0<span style=\"text-decoration: underline;\"><a title=\"Testcenter\" href=\"https:\/\/www.datev.de\/testcenter\/unternehmensloesungen\/?product=unternehmen\" target=\"_blank\" rel=\"noopener noreferrer\">Testcenter online<\/a><\/span>\u00a0you have the possibility to test the following DATEV products of the current Version online. For this, a sample stock is available, with which you can work in the programs:<\/p>\n<ul>\n<li><strong>DATEV mid tier invoicing with accounting<\/strong><\/li>\n<li><strong>DATEV Mittelstand Zusatzmodul Verkauf<\/strong><\/li>\n<li><strong>DATEV Kostenrechnung classic<\/strong><\/li>\n<li><strong>DATEV Anlagenbuchf\u00fchrung<\/strong><\/li>\n<li><strong>DATEV Personal-Managementsystem classic<\/strong><\/li>\n<\/ul>\n<\/div>\n\t\t<\/div><\/div><\/div><\/div><\/div><\/div>","protected":false},"excerpt":{"rendered":"DEMOS Die Demos zeigen prozesshaft und handlungsorientiert, wie die von uns unterst\u00fctzten Konzepte und Programme der\u00a0DATEV\u00a0funktionieren. Wir zeigen Ihnen mit den Online-Demos: Unternehmen Online, wie sie Arbeitsabl\u00e4ufe und kaufm\u00e4nnische Aufgaben im Unternehmen vereinfachen und die M\u00f6glichkeiten rund um die Dienstleistungen zur Lohnabrechnung durch unsere Kanzlei. Rechnungswesen\u00a0anschaulich die Vorteile der Buchf\u00fchrung mit digitalen Belegen und des&hellip;","protected":false},"author":1,"featured_media":0,"parent":0,"menu_order":0,"comment_status":"closed","ping_status":"closed","template":"","meta":{"_monsterinsights_skip_tracking":false,"_monsterinsights_sitenote_active":false,"_monsterinsights_sitenote_note":"","_monsterinsights_sitenote_category":0,"footnotes":""},"class_list":["post-536","page","type-page","status-publish","hentry"],"_links":{"self":[{"href":"https:\/\/lingott.de\/en\/wp-json\/wp\/v2\/pages\/536","targetHints":{"allow":["GET"]}}],"collection":[{"href":"https:\/\/lingott.de\/en\/wp-json\/wp\/v2\/pages"}],"about":[{"href":"https:\/\/lingott.de\/en\/wp-json\/wp\/v2\/types\/page"}],"author":[{"embeddable":true,"href":"https:\/\/lingott.de\/en\/wp-json\/wp\/v2\/users\/1"}],"replies":[{"embeddable":true,"href":"https:\/\/lingott.de\/en\/wp-json\/wp\/v2\/comments?post=536"}],"version-history":[{"count":16,"href":"https:\/\/lingott.de\/en\/wp-json\/wp\/v2\/pages\/536\/revisions"}],"predecessor-version":[{"id":3588,"href":"https:\/\/lingott.de\/en\/wp-json\/wp\/v2\/pages\/536\/revisions\/3588"}],"wp:attachment":[{"href":"https:\/\/lingott.de\/en\/wp-json\/wp\/v2\/media?parent=536"}],"curies":[{"name":"wp","href":"https:\/\/api.w.org\/{rel}","templated":true}]}}