{"id":549,"date":"2020-03-05T09:02:23","date_gmt":"2020-03-05T08:02:23","guid":{"rendered":"http:\/\/wordpress.lingott.de\/?page_id=549"},"modified":"2022-03-18T16:38:52","modified_gmt":"2022-03-18T15:38:52","slug":"beratung","status":"publish","type":"page","link":"https:\/\/lingott.de\/en\/beratung\/","title":{"rendered":"CONSULTING"},"content":{"rendered":"<div class=\"row wpb_row row-fluid vc_custom_1587535062390\"><div class=\"wpb_column columns medium-12 thb-dark-column small-12\"><div class=\"vc_column-inner\"><div class=\"wpb_wrapper\"><div  class=\"vc_wp_text wpb_content_element\"><div class=\"widget widget_text\">\t\t\t<div class=\"textwidget\"><h3><span style=\"color: #910032;\">CONSULTING<\/span><\/h3>\n<div><\/div>\n<div class=\"column_1-1\">We offer you advice on all questions concerning income, turnover, corporation, business, inheritance and gift tax, home equity and investment premiums, as well as tax questions by e-mail.<\/div>\n<div class=\"column_1-1\"><\/div>\n<div id=\"gtx-trans\" style=\"position: absolute; left: 38px; top: -16.2813px;\">\n<div class=\"gtx-trans-icon\"><\/div>\n<\/div>\n<\/div>\n\t\t<\/div><\/div><\/div><\/div><\/div><\/div><div class=\"row wpb_row row-fluid vc_custom_1587535079594\"><div class=\"wpb_column columns medium-12 thb-dark-column small-12\"><div class=\"vc_column-inner\"><div class=\"wpb_wrapper\"><div  class=\"vc_wp_text wpb_content_element\"><div class=\"widget widget_text\">\t\t\t<div class=\"textwidget\"><h5><strong><span style=\"color: #910032;\">HOW DOES IT WORK?<\/span><\/strong><\/h5>\n<\/div>\n\t\t<\/div><\/div><\/div><\/div><\/div><\/div><div class=\"row wpb_row row-fluid vc_custom_1587535568279\"><div class=\"wpb_column columns medium-6 thb-dark-column small-12\"><div class=\"vc_column-inner\"><div class=\"wpb_wrapper\"><div  class=\"vc_wp_text wpb_content_element\"><div class=\"widget widget_text\">\t\t\t<div class=\"textwidget\"><h5><strong><span style=\"color: #910032;\">TERMS, CONDITIONS AND COSTS<\/span><\/strong><\/h5>\n<p>You read and accept the\u00a0<span style=\"text-decoration: underline;\"><a title=\"General terms and conditions for tax consultants and tax consultancy firms\" href=\"https:\/\/lingott.de\/wp-content\/uploads\/2021\/02\/Geschaeftsbedingungen.pdf\" target=\"_blank\" rel=\"noopener noreferrer\">General terms and conditions for tax consultants and tax consultancy firms<\/a><\/span>\u00a0as well as the\u00a0<span style=\"text-decoration: underline;\"><a title=\"Privacy Policy\" href=\"https:\/\/lingott.de\/en\/datenschutz\/\" target=\"_self\" rel=\"noopener noreferrer\">Privacy Policy<\/a><\/span>\u00a0und sind damit einverstanden.<\/p>\n<p>You also take note of the legal basis for the charge calculation.<\/p>\n<p>We will only accept orders that are to be completed within an hour. Hereupon we apply \u00a7 64\u00a0<span style=\"text-decoration: underline;\"><a title=\"tax consultation law\" href=\"http:\/\/www.stbk-berlin.de\/klcms2\/mediathek\/files\/PDFs\/berufsrecht_StBerG.pdf\" target=\"_blank\" rel=\"noopener noreferrer\">tax consultation law<\/a><\/span>\u00a0in combination with \u00a7\u00a7 11 and 13\u00a0<span style=\"text-decoration: underline;\"><a title=\"tax refund regulation\" href=\"http:\/\/www.stbk-berlin.de\/klcms2\/mediathek\/files\/PDFs\/berufsrecht_StBVV.pdf\" target=\"_blank\" rel=\"noopener noreferrer\">tax refund regulation<\/a><\/span> to an hourly rate of 150, - EURO plus statutory sales tax. Our fee is payable immediately after the invoice has been issued.<\/p>\n<div id=\"gtx-trans\" style=\"position: absolute; left: 111px; top: 40.1719px;\">\n<div class=\"gtx-trans-icon\"><\/div>\n<\/div>\n<\/div>\n\t\t<\/div><\/div><div  class=\"vc_wp_text wpb_content_element\"><div class=\"widget widget_text\">\t\t\t<div class=\"textwidget\"><h5><strong><span style=\"color: #910032;\">ADDRESSES<\/span><\/strong><\/h5>\n<p>Make sure your e-mail is sent from the computer where you want to receive the reply. We use the e-mail response feature. Please enter your billing address in the e-mail form.<\/p>\n<div id=\"gtx-trans\" style=\"position: absolute; left: 6px; top: 40.1719px;\">\n<div class=\"gtx-trans-icon\"><\/div>\n<\/div>\n<\/div>\n\t\t<\/div><\/div><div  class=\"vc_wp_text wpb_content_element\"><div class=\"widget widget_text\">\t\t\t<div class=\"textwidget\"><h5><span style=\"color: #910032;\"><strong>FACTS AND QUESTIONS<\/strong><\/span><\/h5>\n<p>Please state the facts in our e-mail form and formulate your questions. If possible, separate the questions from the facts. The answer can then be attached directly to your question.<\/p>\n<div id=\"gtx-trans\" style=\"position: absolute; left: 89px; top: -3.82813px;\">\n<div class=\"gtx-trans-icon\"><\/div>\n<\/div>\n<\/div>\n\t\t<\/div><\/div><div  class=\"vc_wp_text wpb_content_element\"><div class=\"widget widget_text\">\t\t\t<div class=\"textwidget\"><h5><span style=\"color: #910032;\"><strong>PROCESSING TIME<\/strong><\/span><\/h5>\n<p>We will answer your questions within the next 24 hours of receipt, but only on working days. If a question does not fall into the areas of income, turnover, corporation, trade, inheritance, gift tax or procedural law, or if the answer is not possible within an hour, you will receive a free message in the same time.<\/p>\n<div id=\"gtx-trans\" style=\"position: absolute; left: 48px; top: -3.82813px;\">\n<div class=\"gtx-trans-icon\"><\/div>\n<\/div>\n<\/div>\n\t\t<\/div><\/div><div  class=\"vc_wp_text wpb_content_element\"><div class=\"widget widget_text\">\t\t\t<div class=\"textwidget\"><h5><span style=\"color: #910032;\"><strong>SAFETY<\/strong><\/span><\/h5>\n<p>You will send us your questions as unencrypted as we answer you unencrypted. Like in the case of mail, you accept that your information as well as our response can reach unauthorized hands through illegal acts. Within our practice, however, your information is subject to the confidentiality obligationaccording to the tax consultation law. All our employees are also committed to this secrecy. A breach of this secrecy is punishable by the law.<\/p>\n<\/div>\n\t\t<\/div><\/div><\/div><\/div><\/div><div class=\"wpb_column columns medium-6 thb-dark-column small-12\"><div class=\"vc_column-inner\"><div class=\"wpb_wrapper\"><div  class=\"vc_wp_text wpb_content_element\"><div class=\"widget widget_text\">\t\t\t<div class=\"textwidget\"><h5><strong><span style=\"color: #910032;\">E-MAIL-CONSULTATION FORM<\/span><\/strong><\/h5>\n<p>We are glad that you have decided to use our consulting service by e-mail.<br \/>\nPlease complete the fields below so that we can process your request as soon as possible.<\/p>\n<p>Please read and accept the\u00a0<span style=\"text-decoration: underline;\"><a title=\"Privacy Policy\" href=\"https:\/\/www.lingott.de\/index.php\/de\/datenschutz\" target=\"_self\" rel=\"noopener noreferrer\">Privacy Policy<\/a>.<\/span><\/p>\n<div id=\"gtx-trans\" style=\"position: absolute; left: 92px; top: 40.1719px;\">\n<div class=\"gtx-trans-icon\"><\/div>\n<\/div>\n<\/div>\n\t\t<\/div><\/div><div  class=\"vc_wp_text wpb_content_element\"><div class=\"widget widget_text\">\t\t\t<div class=\"textwidget\"><h5><span style=\"color: #910032;\"><strong>YOUR MESSAGE TO US<\/strong><\/span><\/h5>\n<\/div>\n\t\t<\/div><\/div>\n<div class=\"wpcf7 no-js\" id=\"wpcf7-f5-o1\" lang=\"de-DE\" dir=\"ltr\" data-wpcf7-id=\"5\">\n<div class=\"screen-reader-response\"><p role=\"status\" aria-live=\"polite\" aria-atomic=\"true\"><\/p> <ul><\/ul><\/div>\n<form action=\"\/en\/wp-json\/wp\/v2\/pages\/549#wpcf7-f5-o1\" method=\"post\" class=\"wpcf7-form init\" aria-label=\"Kontaktformular\" novalidate=\"novalidate\" data-status=\"init\" data-trp-original-action=\"\/en\/wp-json\/wp\/v2\/pages\/549#wpcf7-f5-o1\">\n<fieldset class=\"hidden-fields-container\"><input type=\"hidden\" name=\"_wpcf7\" value=\"5\" \/><input type=\"hidden\" name=\"_wpcf7_version\" value=\"6.1.5\" \/><input type=\"hidden\" name=\"_wpcf7_locale\" value=\"de_DE\" \/><input type=\"hidden\" name=\"_wpcf7_unit_tag\" value=\"wpcf7-f5-o1\" \/><input type=\"hidden\" name=\"_wpcf7_container_post\" value=\"0\" \/><input type=\"hidden\" name=\"_wpcf7_posted_data_hash\" value=\"\" \/>\n<\/fieldset>\n<div class=\"row\">\n\t<div class=\"small-12 large-6 columns\">\n\t\t<p><label>Name<\/label><span class=\"wpcf7-form-control-wrap\" data-name=\"your-firstname\"><input size=\"40\" maxlength=\"400\" class=\"wpcf7-form-control wpcf7-text wpcf7-validates-as-required full\" aria-required=\"true\" aria-invalid=\"false\" value=\"\" type=\"text\" name=\"your-firstname\" \/><\/span>\n\t\t<\/p>\n\t<\/div>\n\t<div class=\"small-12 large-6 columns\">\n\t\t<p><label>E-mail<\/label><span class=\"wpcf7-form-control-wrap\" data-name=\"your-email\"><input size=\"40\" maxlength=\"400\" class=\"wpcf7-form-control wpcf7-text wpcf7-validates-as-required full\" aria-required=\"true\" aria-invalid=\"false\" value=\"\" type=\"text\" name=\"your-email\" \/><\/span>\n\t\t<\/p>\n\t<\/div>\n\t<div class=\"small-12 columns\">\n\t\t<p><label>Message<\/label><span class=\"wpcf7-form-control-wrap\" data-name=\"your-message\"><textarea cols=\"40\" rows=\"10\" maxlength=\"2000\" class=\"wpcf7-form-control wpcf7-textarea full\" aria-invalid=\"false\" name=\"your-message\"><\/textarea><\/span>\n\t\t<\/p>\n\t<\/div>\n<\/div>\n<div class=\"row\">\n\t<div class=\"small-12 columns\">\n\t\t<p><input class=\"wpcf7-form-control wpcf7-submit has-spinner btn black\" type=\"submit\" value=\"Send\" \/>\n\t\t<\/p>\n\t<\/div>\n<\/div><div class=\"wpcf7-response-output\" aria-hidden=\"true\"><\/div>\n<input type=\"hidden\" name=\"trp-form-language\" value=\"en\"\/><\/form>\n<\/div>\n<\/div><\/div><\/div><\/div>","protected":false},"excerpt":{"rendered":"BERATUNG Wir bieten Ihnen Rat in allen Fragen zur Einkommen-, Umsatz-, K\u00f6rperschaft-, Gewerbe-, Erbschaft- und Schenkungsteuer, zur Eigenheim- und Investitionszulage, sowie zu steuerlichen Verfahrensfragen auf dem einfachen Weg per E-Mail. WIE FUNKTIONIERT'S? AUFTRAGSBEDINGUNGEN UND KOSTEN Sie lesen die\u00a0Allgemeinen Gesch\u00e4ftsbedingungen f\u00fcr Steuerberater, Steuerbevollm\u00e4chtigte und Steuerberatungsgesellschaften\u00a0sowie die\u00a0Datenschutzhinweise\u00a0und sind damit einverstanden. Au\u00dferdem nehmen Sie die gesetzlichen Grundlagen f\u00fcr&hellip;","protected":false},"author":1,"featured_media":0,"parent":0,"menu_order":0,"comment_status":"closed","ping_status":"closed","template":"","meta":{"_monsterinsights_skip_tracking":false,"_monsterinsights_sitenote_active":false,"_monsterinsights_sitenote_note":"","_monsterinsights_sitenote_category":0,"footnotes":""},"class_list":["post-549","page","type-page","status-publish","hentry"],"_links":{"self":[{"href":"https:\/\/lingott.de\/en\/wp-json\/wp\/v2\/pages\/549","targetHints":{"allow":["GET"]}}],"collection":[{"href":"https:\/\/lingott.de\/en\/wp-json\/wp\/v2\/pages"}],"about":[{"href":"https:\/\/lingott.de\/en\/wp-json\/wp\/v2\/types\/page"}],"author":[{"embeddable":true,"href":"https:\/\/lingott.de\/en\/wp-json\/wp\/v2\/users\/1"}],"replies":[{"embeddable":true,"href":"https:\/\/lingott.de\/en\/wp-json\/wp\/v2\/comments?post=549"}],"version-history":[{"count":23,"href":"https:\/\/lingott.de\/en\/wp-json\/wp\/v2\/pages\/549\/revisions"}],"predecessor-version":[{"id":3628,"href":"https:\/\/lingott.de\/en\/wp-json\/wp\/v2\/pages\/549\/revisions\/3628"}],"wp:attachment":[{"href":"https:\/\/lingott.de\/en\/wp-json\/wp\/v2\/media?parent=549"}],"curies":[{"name":"wp","href":"https:\/\/api.w.org\/{rel}","templated":true}]}}