{"id":569,"date":"2020-03-05T10:03:22","date_gmt":"2020-03-05T09:03:22","guid":{"rendered":"http:\/\/wordpress.lingott.de\/?page_id=569"},"modified":"2021-06-11T11:24:45","modified_gmt":"2021-06-11T09:24:45","slug":"infos","status":"publish","type":"page","link":"https:\/\/lingott.de\/en\/infos\/","title":{"rendered":"INFOS"},"content":{"rendered":"<div class=\"row wpb_row row-fluid vc_custom_1587531995738\"><div class=\"wpb_column columns medium-12 thb-dark-column small-12\"><div class=\"vc_column-inner\"><div class=\"wpb_wrapper\"><div id=\"mandanteninformationen\" class=\"vc_wp_text wpb_content_element anchor-target\"><div class=\"widget widget_text\">\t\t\t<div class=\"textwidget\"><div id=\"content\">\n<div class=\"item-page\">\n<h3><strong><span style=\"color: #910032;\">INFOS<\/span><\/strong><\/h3>\n<div class=\"column_1-1\">Through our client information, you have the opportunity to find out about current developments in tax law. Every month new editions appear. In our archive, you have access to all published editions at any time. We will be pleased to send you a current issue by e-mail. Please Register by\u00a0<span style=\"text-decoration: underline;\"><a title=\"E-Mail\" href=\"https:\/\/www.lingott.de\/index.php\/de\/kontakt\" target=\"_self\" rel=\"noopener noreferrer\">e-mail contact form.<\/a><\/span>\u00a0We will then add you to the distribution list.<\/div>\n<\/div>\n<\/div>\n<div id=\"footer\"><\/div>\n<div id=\"gtx-trans\" style=\"position: absolute; left: 125px; top: -6.28125px;\">\n<div class=\"gtx-trans-icon\"><\/div>\n<\/div>\n<\/div>\n\t\t<\/div><\/div><\/div><\/div><\/div><\/div>","protected":false},"excerpt":{"rendered":"INFOS \u00dcber unsere Mandanteninformationen haben Sie die M\u00f6glichkeit, sich \u00fcber aktuelle Entwicklungen im Steuerrecht zu informieren. Jeden Monat erscheinen neue aktuelle Ausgaben. In unserem Archiv haben Sie jederzeit Zugriff auf alle ver\u00f6ffentlichten Ausgaben. Gerne senden wir Ihnen eine aktuelle Ausgabe auch per E-Mail zu. Bitte melden Sie sich per\u00a0E-Mail-Kontakt-Formular\u00a0an. Wir werden Sie dann in den&hellip;","protected":false},"author":1,"featured_media":0,"parent":0,"menu_order":0,"comment_status":"closed","ping_status":"closed","template":"","meta":{"_monsterinsights_skip_tracking":false,"_monsterinsights_sitenote_active":false,"_monsterinsights_sitenote_note":"","_monsterinsights_sitenote_category":0,"footnotes":""},"class_list":["post-569","page","type-page","status-publish","hentry"],"_links":{"self":[{"href":"https:\/\/lingott.de\/en\/wp-json\/wp\/v2\/pages\/569","targetHints":{"allow":["GET"]}}],"collection":[{"href":"https:\/\/lingott.de\/en\/wp-json\/wp\/v2\/pages"}],"about":[{"href":"https:\/\/lingott.de\/en\/wp-json\/wp\/v2\/types\/page"}],"author":[{"embeddable":true,"href":"https:\/\/lingott.de\/en\/wp-json\/wp\/v2\/users\/1"}],"replies":[{"embeddable":true,"href":"https:\/\/lingott.de\/en\/wp-json\/wp\/v2\/comments?post=569"}],"version-history":[{"count":35,"href":"https:\/\/lingott.de\/en\/wp-json\/wp\/v2\/pages\/569\/revisions"}],"predecessor-version":[{"id":3609,"href":"https:\/\/lingott.de\/en\/wp-json\/wp\/v2\/pages\/569\/revisions\/3609"}],"wp:attachment":[{"href":"https:\/\/lingott.de\/en\/wp-json\/wp\/v2\/media?parent=569"}],"curies":[{"name":"wp","href":"https:\/\/api.w.org\/{rel}","templated":true}]}}