{"id":585,"date":"2020-03-05T10:30:02","date_gmt":"2020-03-05T09:30:02","guid":{"rendered":"http:\/\/wordpress.lingott.de\/?page_id=585"},"modified":"2025-06-23T11:25:26","modified_gmt":"2025-06-23T09:25:26","slug":"fachliteratur","status":"publish","type":"page","link":"https:\/\/lingott.de\/en\/fachliteratur\/","title":{"rendered":"SPECIALIST LITERATURE"},"content":{"rendered":"<div class=\"row wpb_row row-fluid vc_custom_1608201631509\"><div class=\"wpb_column columns medium-12 thb-dark-column small-12\"><div class=\"vc_column-inner\"><div class=\"wpb_wrapper\"><div id=\"fachliteratur\" class=\"vc_wp_text wpb_content_element anchor-target\"><div class=\"widget widget_text\">\t\t\t<div class=\"textwidget\"><h3><span style=\"color: #910032;\">SPECIALIST LITERATURE<\/span><\/h3>\n<div class=\"column_1-1\">\n<p><span style=\"color: #000000;\">Here our employees have the opportunity to download the latest specialist literature. With pleasure we assist you with the legal remedy proceeding of the tax authority.<\/span><\/p>\n<\/div>\n<div id=\"gtx-trans\" style=\"position: absolute; left: 108px; top: -6.28125px;\">\n<div class=\"gtx-trans-icon\"><\/div>\n<\/div>\n<\/div>\n\t\t<\/div><\/div><\/div><\/div><\/div><\/div><div class=\"row wpb_row row-fluid\"><div class=\"wpb_column columns medium-6 thb-dark-column small-12\"><div class=\"vc_column-inner\"><div class=\"wpb_wrapper\"><div  class=\"vc_wp_text wpb_content_element\"><div class=\"widget widget_text\">\t\t\t<div class=\"textwidget\"><p class=\"column_1-3\"><span style=\"color: #000000;\">Bundessteuerberaterkammer<\/span><\/p>\n<\/div>\n\t\t<\/div><\/div><\/div><\/div><\/div><div class=\"wpb_column columns medium-6 thb-dark-column small-12\"><div class=\"vc_column-inner\"><div class=\"wpb_wrapper\"><div  class=\"vc_wp_text wpb_content_element\"><div class=\"widget widget_text\">\t\t\t<div class=\"textwidget\"><ul>\n<li><span style=\"text-decoration: underline;\"><span style=\"color: #000000; text-decoration: underline;\"><a style=\"color: #000000; text-decoration: underline;\" title=\"Berufsrechtliches Handbuch\" href=\"https:\/\/www.berufsrecht-handbuch.de\/\" target=\"_blank\" rel=\"noopener noreferrer\">Berufsrechtliches Handbuch<\/a><\/span><\/span><\/li>\n<li><span style=\"text-decoration: underline;\"><span style=\"color: #000000; text-decoration: underline;\"><a style=\"color: #000000; text-decoration: underline;\" title=\"Praktikanten-Paket\" href=\"https:\/\/www.bstbk.de\/de\/berufsbild-steuerberater\/aus-und-fortbildung\" target=\"_blank\" rel=\"noopener noreferrer\">Praktikanten-Paket<\/a><\/span><\/span><\/li>\n<\/ul>\n<\/div>\n\t\t<\/div><\/div><\/div><\/div><\/div><\/div><div class=\"row wpb_row row-fluid\"><div class=\"wpb_column columns medium-6 thb-dark-column small-12\"><div class=\"vc_column-inner\"><div class=\"wpb_wrapper\"><div  class=\"vc_wp_text wpb_content_element\"><div class=\"widget widget_text\">\t\t\t<div class=\"textwidget\"><p><span style=\"color: #000000;\">DATEV<\/span><\/p>\n<\/div>\n\t\t<\/div><\/div><\/div><\/div><\/div><div class=\"wpb_column columns medium-6 thb-dark-column small-12\"><div class=\"vc_column-inner\"><div class=\"wpb_wrapper\"><div  class=\"vc_wp_text wpb_content_element\"><div class=\"widget widget_text\">\t\t\t<div class=\"textwidget\"><ul>\n<li><span style=\"text-decoration: underline;\"><span style=\"color: #000000; text-decoration: underline;\"><a style=\"color: #000000; text-decoration: underline;\" title=\"MAGAZIN\" href=\"https:\/\/www.datev-magazin.de\/archiv\/\" target=\"_blank\" rel=\"noopener noreferrer\">MAGAZIN<\/a><\/span><\/span><\/li>\n<li><span style=\"text-decoration: underline;\"><span style=\"color: #000000; text-decoration: underline;\"><a style=\"color: #000000; text-decoration: underline;\" title=\"Grundsteuerreform\" href=\"https:\/\/www.datev.de\/web\/de\/aktuelles\/grundsteuerreform\/?stat_Mparam=int_url_datev_grundsteuerreform&amp;stat_Mparam=int_mail_stb_130108648_text\" target=\"_blank\" rel=\"noopener noreferrer\">Grundsteuerreform<\/a><\/span><\/span><\/li>\n<\/ul>\n<\/div>\n\t\t<\/div><\/div><\/div><\/div><\/div><\/div><div class=\"row wpb_row row-fluid\"><div class=\"wpb_column columns medium-6 thb-dark-column small-12\"><div class=\"vc_column-inner\"><div class=\"wpb_wrapper\"><div  class=\"vc_wp_text wpb_content_element\"><div class=\"widget widget_text\">\t\t\t<div class=\"textwidget\"><p><span style=\"color: #000000;\">DStV e.V.<\/span><\/p>\n<\/div>\n\t\t<\/div><\/div><\/div><\/div><\/div><div class=\"wpb_column columns medium-6 thb-dark-column small-12\"><div class=\"vc_column-inner\"><div class=\"wpb_wrapper\"><div  class=\"vc_wp_text wpb_content_element\"><div class=\"widget widget_text\">\t\t\t<div class=\"textwidget\"><ul>\n<li><span style=\"text-decoration: underline;\"><span style=\"color: #000000; text-decoration: underline;\"><a style=\"color: #000000; text-decoration: underline;\" title=\"The tax service\" href=\"http:\/\/www.die-steuerberatung.de\/index.jsp\" target=\"_blank\" rel=\"noopener noreferrer\">The tax service<\/a><\/span><\/span><\/li>\n<\/ul>\n<\/div>\n\t\t<\/div><\/div><\/div><\/div><\/div><\/div><div class=\"row wpb_row row-fluid\"><div class=\"wpb_column columns medium-6 thb-dark-column small-12\"><div class=\"vc_column-inner\"><div class=\"wpb_wrapper\"><div  class=\"vc_wp_text wpb_content_element\"><div class=\"widget widget_text\">\t\t\t<div class=\"textwidget\"><p><span style=\"color: #000000;\">Haufe<\/span><\/p>\n<\/div>\n\t\t<\/div><\/div><\/div><\/div><\/div><div class=\"wpb_column columns medium-6 thb-dark-column small-12\"><div class=\"vc_column-inner\"><div class=\"wpb_wrapper\"><div  class=\"vc_wp_text wpb_content_element\"><div class=\"widget widget_text\">\t\t\t<div class=\"textwidget\"><ul>\n<li><span style=\"text-decoration: underline;\"><span style=\"color: #000000; text-decoration: underline;\"><a style=\"color: #000000; text-decoration: underline;\" title=\"Working aids online\" href=\"https:\/\/mybook.haufe.de\/\" target=\"_blank\" rel=\"noopener noreferrer\">Working aids online<\/a><\/span><\/span><\/li>\n<\/ul>\n<\/div>\n\t\t<\/div><\/div><\/div><\/div><\/div><\/div><div class=\"row wpb_row row-fluid\"><div class=\"wpb_column columns medium-6 thb-dark-column small-12\"><div class=\"vc_column-inner\"><div class=\"wpb_wrapper\"><div  class=\"vc_wp_text wpb_content_element\"><div class=\"widget widget_text\">\t\t\t<div class=\"textwidget\"><p class=\"column_1-3\"><span style=\"color: #000000;\">HDI<\/span><\/p>\n<\/div>\n\t\t<\/div><\/div><\/div><\/div><\/div><div class=\"wpb_column columns medium-6 thb-dark-column small-12\"><div class=\"vc_column-inner\"><div class=\"wpb_wrapper\"><div  class=\"vc_wp_text wpb_content_element\"><div class=\"widget widget_text\">\t\t\t<div class=\"textwidget\"><ul>\n<li><span style=\"text-decoration: underline;\"><span style=\"color: #000000; text-decoration: underline;\"><a style=\"color: #000000; text-decoration: underline;\" title=\"Fachinformationen\" href=\"https:\/\/www.hdi.de\/service\/hdi-services\/newsletter\/gi\/\" target=\"_blank\" rel=\"noopener noreferrer\">Fachinformationen<\/a><\/span><\/span><\/li>\n<li><span style=\"text-decoration: underline;\"><span style=\"color: #000000; text-decoration: underline;\"><a style=\"color: #000000; text-decoration: underline;\" title=\"Inhaltsverzeichnis\" href=\"https:\/\/www.hdi.de\/aktion\/public\/c\/jCJtqd7TT02uwtiQ8ZGDQQbF8W9yVXQ7W0OTAm4Dd3_QYHA8ykzeS4urQVA_ME9bvw?a=U3RpY2h3b3J0dmVyemVpY2huaXM\" target=\"_blank\" rel=\"noopener noreferrer\">Inhaltsverzeichnis<\/a><\/span><\/span><\/li>\n<\/ul>\n<\/div>\n\t\t<\/div><\/div><\/div><\/div><\/div><\/div><div class=\"row wpb_row row-fluid\"><div class=\"wpb_column columns medium-6 thb-dark-column small-12\"><div class=\"vc_column-inner\"><div class=\"wpb_wrapper\"><div  class=\"vc_wp_text wpb_content_element\"><div class=\"widget widget_text\">\t\t\t<div class=\"textwidget\"><p class=\"column_1-3\"><span style=\"color: #000000;\">IWW Institut<\/span><\/p>\n<\/div>\n\t\t<\/div><\/div><\/div><\/div><\/div><div class=\"wpb_column columns medium-6 thb-dark-column small-12\"><div class=\"vc_column-inner\"><div class=\"wpb_wrapper\"><div  class=\"vc_wp_text wpb_content_element\"><div class=\"widget widget_text\">\t\t\t<div class=\"textwidget\"><ul>\n<li><span style=\"text-decoration: underline;\"><span style=\"color: #000000; text-decoration: underline;\"><a style=\"color: #000000; text-decoration: underline;\" title=\"Office international tax service\" href=\"https:\/\/www.iww.de\/pistb\/\" target=\"_blank\" rel=\"noopener noreferrer\">Office international tax service<\/a><\/span><\/span><\/li>\n<li><span style=\"text-decoration: underline;\"><span style=\"color: #000000; text-decoration: underline;\"><a style=\"color: #000000; text-decoration: underline;\" title=\"VereinsBrief\" href=\"https:\/\/www.iww.de\/vb\" target=\"_blank\" rel=\"noopener noreferrer\">VereinsBrief<\/a><\/span><\/span><\/li>\n<\/ul>\n<\/div>\n\t\t<\/div><\/div><\/div><\/div><\/div><\/div><div class=\"row wpb_row row-fluid\"><div class=\"wpb_column columns medium-6 thb-dark-column small-12\"><div class=\"vc_column-inner\"><div class=\"wpb_wrapper\"><div  class=\"vc_wp_text wpb_content_element\"><div class=\"widget widget_text\">\t\t\t<div class=\"textwidget\"><p>NWB <span style=\"color: #000000;\">Verlag<\/span><\/p>\n<\/div>\n\t\t<\/div><\/div><\/div><\/div><\/div><div class=\"wpb_column columns medium-6 thb-dark-column small-12\"><div class=\"vc_column-inner\"><div class=\"wpb_wrapper\"><div  class=\"vc_wp_text wpb_content_element\"><div class=\"widget widget_text\">\t\t\t<div class=\"textwidget\"><ul>\n<li><span style=\"text-decoration: underline;\"><span style=\"color: #000000; text-decoration: underline;\"><a style=\"color: #000000; text-decoration: underline;\" title=\"Die Reform des Gemeinn\u00fctzigkeitsrechts\" href=\"https:\/\/datenbank.nwb.de\/Dokument\/Anzeigen\/857183\/\" target=\"_blank\" rel=\"noopener noreferrer\">Die Reform des Gemeinn\u00fctzigkeitsrechts<\/a><\/span><\/span><\/li>\n<li><span style=\"text-decoration: underline;\"><span style=\"color: #000000; text-decoration: underline;\"><a style=\"color: #000000; text-decoration: underline;\" title=\"Die Steuerfachangestellten\" href=\"https:\/\/datenbank.nwb.de\/Zeitschriften\/Ausgabe\/45LRXR74WR\/2018\/1\" target=\"_blank\" rel=\"noopener noreferrer\">Die Steuerfachangestellten<\/a><\/span><\/span><\/li>\n<li><span style=\"text-decoration: underline;\"><span style=\"color: #000000; text-decoration: underline;\"><a style=\"color: #000000; text-decoration: underline;\" title=\"Praxishandbuch Bilanzsteuerrecht\" href=\"https:\/\/datenbank.nwb.de\/Dokument\/Anzeigen\/513907\/\" target=\"_blank\" rel=\"noopener noreferrer\">Praxishandbuch Bilanzsteuerrecht<\/a><\/span><\/span><\/li>\n<li><span style=\"text-decoration: underline;\"><span style=\"color: #000000; text-decoration: underline;\"><a style=\"color: #000000; text-decoration: underline;\" title=\"Recherche\" href=\"https:\/\/datenbank.nwb.de\/\" target=\"_blank\" rel=\"noopener noreferrer\">Recherche<\/a><\/span><\/span><\/li>\n<li><span style=\"text-decoration: underline;\"><span style=\"color: #000000; text-decoration: underline;\"><a style=\"color: #000000; text-decoration: underline;\" title=\"Steuer- und Wirtschaftsrecht\" href=\"https:\/\/datenbank.nwb.de\/Zeitschriften\/Ausgabe\/7KT54KUPEH\/2018\/1\" target=\"_blank\" rel=\"noopener noreferrer\">Steuer- und Wirtschaftsrecht<\/a><\/span><\/span><\/li>\n<li><span style=\"text-decoration: underline;\"><span style=\"color: #000000; text-decoration: underline;\"><a style=\"color: #000000; text-decoration: underline;\" title=\"Steuerfach-Scout\" href=\"https:\/\/datenbank.nwb.de\/Produkt\/Startseite\/Index\/UUCSR2DSKL\" target=\"_blank\" rel=\"noopener noreferrer\">Steuerfach-Scout<\/a><\/span><\/span><\/li>\n<li><span style=\"text-decoration: underline;\"><span style=\"color: #000000; text-decoration: underline;\"><a style=\"color: #000000; text-decoration: underline;\" title=\"Steuerrecht der Vereine\" href=\"https:\/\/datenbank.nwb.de\/Dokument\/Anzeigen\/536134\/\" target=\"_blank\" rel=\"noopener noreferrer\">Steuerrecht der Vereine<\/a><\/span><\/span><\/li>\n<\/ul>\n<\/div>\n\t\t<\/div><\/div><\/div><\/div><\/div><\/div><div class=\"row wpb_row row-fluid\"><div class=\"wpb_column columns medium-6 thb-dark-column small-12\"><div class=\"vc_column-inner\"><div class=\"wpb_wrapper\"><div  class=\"vc_wp_text wpb_content_element\"><div class=\"widget widget_text\">\t\t\t<div class=\"textwidget\"><p>PWC<\/p>\n<\/div>\n\t\t<\/div><\/div><\/div><\/div><\/div><div class=\"wpb_column columns medium-6 thb-dark-column small-12\"><div class=\"vc_column-inner\"><div class=\"wpb_wrapper\"><div  class=\"vc_wp_text wpb_content_element\"><div class=\"widget widget_text\">\t\t\t<div class=\"textwidget\"><ul>\n<li><span style=\"text-decoration: underline;\"><span style=\"color: #000000; text-decoration: underline;\"><a style=\"color: #000000; text-decoration: underline;\" title=\"Worldwide Tax Summaries Online\" href=\"https:\/\/taxsummaries.pwc.com\/\" target=\"_blank\" rel=\"noopener noreferrer\">Worldwide Tax Summaries Online<\/a><\/span><\/span><\/li>\n<\/ul>\n<\/div>\n\t\t<\/div><\/div><\/div><\/div><\/div><\/div><div class=\"row wpb_row row-fluid\"><div class=\"wpb_column columns medium-6 thb-dark-column small-12\"><div class=\"vc_column-inner\"><div class=\"wpb_wrapper\"><div  class=\"vc_wp_text wpb_content_element\"><div class=\"widget widget_text\">\t\t\t<div class=\"textwidget\"><p><span style=\"color: #000000;\">Verlag C. H. Beck<\/span><\/p>\n<\/div>\n\t\t<\/div><\/div><\/div><\/div><\/div><div class=\"wpb_column columns medium-6 thb-dark-column small-12\"><div class=\"vc_column-inner\"><div class=\"wpb_wrapper\"><div  class=\"vc_wp_text wpb_content_element\"><div class=\"widget widget_text\">\t\t\t<div class=\"textwidget\"><ul>\n<li><span style=\"text-decoration: underline;\"><span style=\"color: #000000; text-decoration: underline;\"><a style=\"color: #000000; text-decoration: underline;\" title=\"beck-online\" href=\"https:\/\/beck-online.beck.de\/Home\" target=\"_blank\" rel=\"noopener noreferrer\">beck-online<\/a><\/span><\/span><\/li>\n<li><span style=\"text-decoration: underline;\"><span style=\"color: #000000; text-decoration: underline;\"><a style=\"color: #000000; text-decoration: underline;\" title=\"npor - Zeitschrift f\u00fcr das Recht der Non Profit Organisationen\" href=\"https:\/\/beck-online.beck.de\/?vpath=bibdata%2fzeits%2fNPOR%2fcont%2fNPOR%2ehtm#A\" target=\"_blank\" rel=\"noopener noreferrer\">npor &#8211; Zeitschrift f\u00fcr das Recht der Non Profit Organisationen<\/a><\/span><\/span><\/li>\n<\/ul>\n<\/div>\n\t\t<\/div><\/div><\/div><\/div><\/div><\/div><div class=\"row wpb_row row-fluid\"><div class=\"wpb_column columns medium-6 thb-dark-column small-12\"><div class=\"vc_column-inner\"><div class=\"wpb_wrapper\"><div  class=\"vc_wp_text wpb_content_element\"><div class=\"widget widget_text\">\t\t\t<div class=\"textwidget\"><p><span style=\"color: #000000;\">Verlag Dr. Otto Schmidt<\/span><\/p>\n<\/div>\n\t\t<\/div><\/div><\/div><\/div><\/div><div class=\"wpb_column columns medium-6 thb-dark-column small-12\"><div class=\"vc_column-inner\"><div class=\"wpb_wrapper\"><div  class=\"vc_wp_text wpb_content_element\"><div class=\"widget widget_text\">\t\t\t<div class=\"textwidget\"><ul>\n<li><span style=\"text-decoration: underline;\"><span style=\"color: #000000; text-decoration: underline;\"><a style=\"color: #000000; text-decoration: underline;\" title=\"The AO-tax consultant\" href=\"https:\/\/anmeldung.otto-schmidt.de\/codes\/login-recherche\/login-recherche.jsp\" target=\"_blank\" rel=\"noopener noreferrer\">The AO-tax consultant<\/a><\/span><\/span><\/li>\n<li><span style=\"text-decoration: underline;\"><span style=\"color: #000000; text-decoration: underline;\"><a style=\"color: #000000; text-decoration: underline;\" title=\"The inheritance-tax consultant\" href=\"https:\/\/anmeldung.otto-schmidt.de\/codes\/login-recherche\/login-recherche.jsp\" target=\"_blank\" rel=\"noopener noreferrer\">The inheritance-tax consultant<\/a><\/span><\/span><\/li>\n<li><span style=\"text-decoration: underline;\"><span style=\"color: #000000; text-decoration: underline;\"><a style=\"color: #000000; text-decoration: underline;\" title=\"The earnings-tax consultant\" href=\"https:\/\/anmeldung.otto-schmidt.de\/codes\/login-recherche\/login-recherche.jsp\" target=\"_blank\" rel=\"noopener noreferrer\">The earnings-tax consultant<\/a><\/span><\/span><\/li>\n<li><span style=\"text-decoration: underline;\"><span style=\"color: #000000; text-decoration: underline;\"><a style=\"color: #000000; text-decoration: underline;\" title=\"The GmbH-tax consultant\" href=\"https:\/\/anmeldung.otto-schmidt.de\/codes\/login-recherche\/login-recherche.jsp\" target=\"_blank\" rel=\"noopener noreferrer\">The GmbH-tax consultant<\/a><\/span><\/span><\/li>\n<li><span style=\"text-decoration: underline;\"><span style=\"color: #000000; text-decoration: underline;\"><a style=\"color: #000000; text-decoration: underline;\" title=\"The turnover-tax consultant\" href=\"https:\/\/anmeldung.otto-schmidt.de\/codes\/login-recherche\/login-recherche.jsp\" target=\"_blank\" rel=\"noopener noreferrer\">The turnover-tax consultant<\/a><\/span><\/span><\/li>\n<\/ul>\n<\/div>\n\t\t<\/div><\/div><\/div><\/div><\/div><\/div>","protected":false},"excerpt":{"rendered":"FACHLITERATUR Hier haben unsere Mitarbeiter die M\u00f6glichkeit, aktuelle Fachliteratur herunterzuladen. Gerne stehen wir Ihnen bei Rechtsbehelfsverfahren mit den Finanzbeh\u00f6rden beratend und unterst\u00fctzend zur Seite. Bundessteuerberaterkammer Berufsrechtliches Handbuch Praktikanten-Paket DATEV MAGAZIN Grundsteuerreform DStV e.V. Die Steuerberatung Haufe Arbeitshilfen online HDI Fachinformationen Inhaltsverzeichnis IWW Institut Praxis Internationale Steuerberatung VereinsBrief NWB Verlag Die Reform des Gemeinn\u00fctzigkeitsrechts Die Steuerfachangestellten&hellip;","protected":false},"author":1,"featured_media":0,"parent":0,"menu_order":0,"comment_status":"closed","ping_status":"closed","template":"","meta":{"_monsterinsights_skip_tracking":false,"_monsterinsights_sitenote_active":false,"_monsterinsights_sitenote_note":"","_monsterinsights_sitenote_category":0,"footnotes":""},"class_list":["post-585","page","type-page","status-publish","hentry"],"_links":{"self":[{"href":"https:\/\/lingott.de\/en\/wp-json\/wp\/v2\/pages\/585","targetHints":{"allow":["GET"]}}],"collection":[{"href":"https:\/\/lingott.de\/en\/wp-json\/wp\/v2\/pages"}],"about":[{"href":"https:\/\/lingott.de\/en\/wp-json\/wp\/v2\/types\/page"}],"author":[{"embeddable":true,"href":"https:\/\/lingott.de\/en\/wp-json\/wp\/v2\/users\/1"}],"replies":[{"embeddable":true,"href":"https:\/\/lingott.de\/en\/wp-json\/wp\/v2\/comments?post=585"}],"version-history":[{"count":56,"href":"https:\/\/lingott.de\/en\/wp-json\/wp\/v2\/pages\/585\/revisions"}],"predecessor-version":[{"id":4414,"href":"https:\/\/lingott.de\/en\/wp-json\/wp\/v2\/pages\/585\/revisions\/4414"}],"wp:attachment":[{"href":"https:\/\/lingott.de\/en\/wp-json\/wp\/v2\/media?parent=585"}],"curies":[{"name":"wp","href":"https:\/\/api.w.org\/{rel}","templated":true}]}}