{"id":605,"date":"2020-03-05T11:01:14","date_gmt":"2020-03-05T10:01:14","guid":{"rendered":"http:\/\/wordpress.lingott.de\/?page_id=605"},"modified":"2020-07-26T17:12:57","modified_gmt":"2020-07-26T15:12:57","slug":"foerdermittel","status":"publish","type":"page","link":"https:\/\/lingott.de\/en\/foerdermittel\/","title":{"rendered":"PROMOTIONAL FUNDS"},"content":{"rendered":"<div class=\"row wpb_row row-fluid\"><div class=\"wpb_column columns medium-12 thb-dark-column small-12\"><div class=\"vc_column-inner   vc_custom_1587347150937\"><div class=\"wpb_wrapper\"><div  class=\"vc_wp_text wpb_content_element\"><div class=\"widget widget_text\">\t\t\t<div class=\"textwidget\"><div class=\"column_1-1\">\n<h3><span style=\"color: #910032;\"><strong>PROMOTIONAL FUNDS<\/strong><\/span><\/h3>\n<div class=\"column_1-1\">\n<div class=\"column_1-1\">\n<p>Here you have the possibility to download funding programs to your computer. We would be pleased to assist you with the use of the documents.<\/p>\n<\/div>\n<\/div>\n<\/div>\n<\/div>\n\t\t<\/div><\/div><\/div><\/div><\/div><\/div><div class=\"row wpb_row row-fluid\"><div class=\"wpb_column columns medium-6 thb-dark-column small-12\"><div class=\"vc_column-inner\"><div class=\"wpb_wrapper\"><div  class=\"vc_wp_text wpb_content_element\"><div class=\"widget widget_text\">\t\t\t<div class=\"textwidget\"><div class=\"column_1-3\">\n<div class=\"column_1-3\">Renewable energies<\/div>\n<div class=\"column_2-3\"><\/div>\n<\/div>\n<\/div>\n\t\t<\/div><\/div><\/div><\/div><\/div><div class=\"wpb_column columns medium-6 thb-dark-column small-12\"><div class=\"vc_column-inner\"><div class=\"wpb_wrapper\"><div  class=\"vc_wp_text wpb_content_element\"><div class=\"widget widget_text\">\t\t\t<div class=\"textwidget\"><ul>\n<li><span style=\"text-decoration: underline;\"><a title=\"Interactive funding advisor for solar power\" href=\"http:\/\/www.solartechnikberater.de\/foerderberatung\/\" target=\"_blank\" rel=\"noopener noreferrer\">Interactive funding advisor for solar power<\/a><\/span><\/li>\n<\/ul>\n<\/div>\n\t\t<\/div><\/div><\/div><\/div><\/div><\/div><div class=\"row wpb_row row-fluid\"><div class=\"wpb_column columns medium-6 thb-dark-column small-12\"><div class=\"vc_column-inner\"><div class=\"wpb_wrapper\"><div  class=\"vc_wp_text wpb_content_element\"><div class=\"widget widget_text\">\t\t\t<div class=\"textwidget\"><div class=\"column_1-3\">Company start-up<\/div>\n<\/div>\n\t\t<\/div><\/div><\/div><\/div><\/div><div class=\"wpb_column columns medium-6 thb-dark-column small-12\"><div class=\"vc_column-inner\"><div class=\"wpb_wrapper\"><div  class=\"vc_wp_text wpb_content_element\"><div class=\"widget widget_text\">\t\t\t<div class=\"textwidget\"><div class=\"column_2-3\">\n<ul>\n<li><span style=\"text-decoration: underline;\"><a title=\"Funding primer, guide and financial planner\" href=\"https:\/\/www.ibb.de\/de\/publikationen\/wirtschaft-in-berlin\/foerderfibel\/foerderfibel.html\" target=\"_blank\" rel=\"noopener noreferrer\">Funding primer, guide and financial planner<\/a><\/span><\/li>\n<li><span style=\"text-decoration: underline;\"><a title=\"KFW Program overview\" href=\"https:\/\/www.kfw.de\/kfw.de.html\" target=\"_blank\" rel=\"noopener noreferrer\">KFW Program overview<\/a><\/span><\/li>\n<\/ul>\n<\/div>\n<\/div>\n\t\t<\/div><\/div><\/div><\/div><\/div><\/div><div class=\"row wpb_row row-fluid\"><div class=\"wpb_column columns medium-6 thb-dark-column small-12\"><div class=\"vc_column-inner\"><div class=\"wpb_wrapper\"><div  class=\"vc_wp_text wpb_content_element\"><div class=\"widget widget_text\">\t\t\t<div class=\"textwidget\"><div class=\"column_1-3\">\n<div class=\"column_1-3\">Real estate acquisition and development<\/div>\n<div class=\"column_2-3\"><\/div>\n<\/div>\n<\/div>\n\t\t<\/div><\/div><\/div><\/div><\/div><div class=\"wpb_column columns medium-6 thb-dark-column small-12\"><div class=\"vc_column-inner\"><div class=\"wpb_wrapper\"><div  class=\"vc_wp_text wpb_content_element\"><div class=\"widget widget_text\">\t\t\t<div class=\"textwidget\"><ul>\n<li><span style=\"text-decoration: underline;\"><a title=\"Real estate support in Berlin\" href=\"https:\/\/www.ibb.de\/de\/immobilienfoerderung\/wohnen-und-modernisieren.html\" target=\"_blank\" rel=\"noopener noreferrer\">Real estate support in Berlin<\/a><\/span><\/li>\n<li><span style=\"text-decoration: underline;\"><a title=\"Repayment calculator\" href=\"https:\/\/www.kfw.de\/KfW-Konzern\/Service\/Rechner-und-Tools\/Tilgungsrechner\/\" target=\"_blank\" rel=\"noopener noreferrer\">Repayment calculator<\/a><\/span><\/li>\n<li><span style=\"text-decoration: underline;\"><a title=\"Current interest rates of the KfW-Mittelstandsbank\" href=\"http:\/\/www.kfw.de\/kfw\/de\/Inlandsfoerderung\/Aktuelle_Zinskonditionen\/index.jsp\" target=\"_blank\" rel=\"noopener noreferrer\">Current interest rates of the KfW-Mittelstandsbank<\/a><\/span><\/li>\n<\/ul>\n<\/div>\n\t\t<\/div><\/div><\/div><\/div><\/div><\/div><div class=\"row wpb_row row-fluid vc_custom_1591788317411\"><div class=\"wpb_column columns medium-6 thb-dark-column small-12\"><div class=\"vc_column-inner\"><div class=\"wpb_wrapper\"><div  class=\"vc_wp_text wpb_content_element\"><div class=\"widget widget_text\">\t\t\t<div class=\"textwidget\"><div class=\"column_1-3\">\n<div class=\"column_1-3\">Economic development<\/div>\n<div class=\"column_2-3\"><\/div>\n<\/div>\n<\/div>\n\t\t<\/div><\/div><\/div><\/div><\/div><div class=\"wpb_column columns medium-6 thb-dark-column small-12\"><div class=\"vc_column-inner\"><div class=\"wpb_wrapper\"><div  class=\"vc_wp_text wpb_content_element\"><div class=\"widget widget_text\">\t\t\t<div class=\"textwidget\"><ul>\n<li><span style=\"text-decoration: underline;\"><a title=\"Development programs of Germany and its federal states and the EU\" href=\"http:\/\/www.foerderdatenbank.de\/\" target=\"_blank\" rel=\"noopener noreferrer\">Development programs of Germany and its federal states and the EU<\/a><\/span><\/li>\n<li><span style=\"text-decoration: underline;\"><a title=\"INVEST \u2013 Zuschuss f\u00fcr Wagniskapital\" href=\"http:\/\/www.bafa.de\/DE\/Wirtschafts_Mittelstandsfoerderung\/Beratung_Finanzierung\/Invest\/invest_node.html\" target=\"_blank\" rel=\"noopener noreferrer\">INVEST \u2013 Zuschuss f\u00fcr Wagniskapital<\/a><\/span><\/li>\n<li><span style=\"text-decoration: underline;\"><a title=\"Economic development in Berlin\" href=\"https:\/\/www.ibb.de\/de\/wirtschaftsfoerderung\/wirtschaftsfoerderung.html\" target=\"_blank\" rel=\"noopener noreferrer\">Economic development in Berlin<\/a><\/span><\/li>\n<\/ul>\n<\/div>\n\t\t<\/div><\/div><\/div><\/div><\/div><\/div>","protected":false},"excerpt":{"rendered":"F\u00d6RDERMITTEL Hier erhalten Sie die M\u00f6glichkeit, F\u00f6rdermittelprogramme auf Ihren Rechner herunterzuladen. Gerne stehen wir Ihnen bei der Verwendung der Unterlagen beratend und unterst\u00fctzend zur Seite. Erneuerbare Energien Interaktiver F\u00f6rderberater f\u00fcr Solarenergie Existenzgr\u00fcndung F\u00f6rderfibel f\u00fcr Unternehmen und Existenzgr\u00fcndungen KFW Programm\u00fcbersicht Immobilienerwerb und -entwicklung Immobilienf\u00f6rderung in Berlin Tilgungsrechner Aktuelle Zinss\u00e4tze der KfW-Mittelstandsbank Wirtschafts- und Mittelstandsf\u00f6rderung F\u00f6rderprogramme von&hellip;","protected":false},"author":1,"featured_media":0,"parent":0,"menu_order":0,"comment_status":"closed","ping_status":"closed","template":"","meta":{"_monsterinsights_skip_tracking":false,"_monsterinsights_sitenote_active":false,"_monsterinsights_sitenote_note":"","_monsterinsights_sitenote_category":0,"footnotes":""},"class_list":["post-605","page","type-page","status-publish","hentry"],"_links":{"self":[{"href":"https:\/\/lingott.de\/en\/wp-json\/wp\/v2\/pages\/605","targetHints":{"allow":["GET"]}}],"collection":[{"href":"https:\/\/lingott.de\/en\/wp-json\/wp\/v2\/pages"}],"about":[{"href":"https:\/\/lingott.de\/en\/wp-json\/wp\/v2\/types\/page"}],"author":[{"embeddable":true,"href":"https:\/\/lingott.de\/en\/wp-json\/wp\/v2\/users\/1"}],"replies":[{"embeddable":true,"href":"https:\/\/lingott.de\/en\/wp-json\/wp\/v2\/comments?post=605"}],"version-history":[{"count":12,"href":"https:\/\/lingott.de\/en\/wp-json\/wp\/v2\/pages\/605\/revisions"}],"predecessor-version":[{"id":1486,"href":"https:\/\/lingott.de\/en\/wp-json\/wp\/v2\/pages\/605\/revisions\/1486"}],"wp:attachment":[{"href":"https:\/\/lingott.de\/en\/wp-json\/wp\/v2\/media?parent=605"}],"curies":[{"name":"wp","href":"https:\/\/api.w.org\/{rel}","templated":true}]}}