{"id":611,"date":"2020-03-05T11:07:54","date_gmt":"2020-03-05T10:07:54","guid":{"rendered":"http:\/\/wordpress.lingott.de\/?page_id=611"},"modified":"2024-12-04T09:11:01","modified_gmt":"2024-12-04T08:11:01","slug":"formulare","status":"publish","type":"page","link":"https:\/\/lingott.de\/en\/formulare\/","title":{"rendered":"FORMS"},"content":{"rendered":"<div class=\"row wpb_row row-fluid vc_custom_1587534087640\"><div class=\"wpb_column columns medium-12 thb-dark-column small-12\"><div class=\"vc_column-inner\"><div class=\"wpb_wrapper\"><div  class=\"vc_wp_text wpb_content_element\"><div class=\"widget widget_text\">\t\t\t<div class=\"textwidget\"><div class=\"column_1-1\">\n<h3><span style=\"color: #910032;\">FORMS<\/span><\/h3>\n<p>Here you can download forms to your computer. We would be glad to assist you with the use of the forms.<\/p>\n<\/div>\n<div id=\"gtx-trans\" style=\"position: absolute; left: 73px; top: -9.27841px;\">\n<div class=\"gtx-trans-icon\"><\/div>\n<\/div>\n<\/div>\n\t\t<\/div><\/div><\/div><\/div><\/div><\/div><div class=\"row wpb_row row-fluid\"><div class=\"wpb_column columns medium-6 thb-dark-column small-12\"><div class=\"vc_column-inner\"><div class=\"wpb_wrapper\"><div  class=\"vc_wp_text wpb_content_element\"><div class=\"widget widget_text\">\t\t\t<div class=\"textwidget\"><p class=\"column_1-3\">Authorities in Berlin<\/p>\n<\/div>\n\t\t<\/div><\/div><\/div><\/div><\/div><div class=\"wpb_column columns medium-6 thb-dark-column small-12\"><div class=\"vc_column-inner\"><div class=\"wpb_wrapper\"><div  class=\"vc_wp_text wpb_content_element\"><div class=\"widget widget_text\">\t\t\t<div class=\"textwidget\"><ul>\n<li><span style=\"text-decoration: underline;\"><a title=\"Justice\" href=\"http:\/\/www.berlin.de\/sen\/justiz\/gerichte\/kg\/formularserver\/formularserver.html\" target=\"_blank\" rel=\"noopener noreferrer\">Justice<\/a><\/span><\/li>\n<li><span style=\"text-decoration: underline;\"><a title=\"Work, Profession\" href=\"http:\/\/service.berlin.de\/arbeit-beruf-soziales\/\" target=\"_blank\" rel=\"noopener noreferrer\">Work, Profession<\/a><\/span><\/li>\n<li><span style=\"text-decoration: underline;\"><a title=\"Build, Live\" href=\"http:\/\/www.berlin.de\/verwaltungsfuehrer\/formulare-bauen-wohnen\/\" target=\"_blank\" rel=\"noopener noreferrer\">Build, Live<\/a><\/span><\/li>\n<li><span style=\"text-decoration: underline;\"><a title=\"Family, Partnership\" href=\"http:\/\/service.berlin.de\/familie-partnerschaft-gleichstellung\/\" target=\"_blank\" rel=\"noopener noreferrer\">Family, Partnership<\/a><\/span><\/li>\n<li><span style=\"text-decoration: underline;\"><a title=\"Money, Finances, Taxes\" href=\"http:\/\/www.berlin.de\/verwaltungsfuehrer\/formulare-geld-finanzen\/\" target=\"_blank\" rel=\"noopener noreferrer\">Money, Finances, Taxes<\/a><\/span><\/li>\n<li><span style=\"text-decoration: underline;\"><a title=\"Economy\" href=\"http:\/\/www.berlin.de\/verwaltungsfuehrer\/wirtschaftsaemter\/index.html\" target=\"_blank\" rel=\"noopener noreferrer\">Economy<\/a><\/span><\/li>\n<li><span style=\"text-decoration: underline;\"><a title=\"Citizen and order matters\" href=\"http:\/\/www.berlin.de\/labo\/formulare\/\/formularserver.php\" target=\"_blank\" rel=\"noopener noreferrer\">Citizen and order matters<\/a><\/span><\/li>\n<\/ul>\n<\/div>\n\t\t<\/div><\/div><\/div><\/div><\/div><\/div><div class=\"row wpb_row row-fluid\"><div class=\"wpb_column columns medium-6 thb-dark-column small-12\"><div class=\"vc_column-inner\"><div class=\"wpb_wrapper\"><div  class=\"vc_wp_text wpb_content_element\"><div class=\"widget widget_text\">\t\t\t<div class=\"textwidget\"><p>Federal Ministry of Finance<\/p>\n<\/div>\n\t\t<\/div><\/div><\/div><\/div><\/div><div class=\"wpb_column columns medium-6 thb-dark-column small-12\"><div class=\"vc_column-inner\"><div class=\"wpb_wrapper\"><div  class=\"vc_wp_text wpb_content_element\"><div class=\"widget widget_text\">\t\t\t<div class=\"textwidget\"><ul>\n<li><span style=\"text-decoration: underline;\"><a title=\"Form center\" href=\"https:\/\/www.formulare-bfinv.de\/\" target=\"_blank\" rel=\"noopener noreferrer\">Form center<\/a><\/span><\/li>\n<\/ul>\n<\/div>\n\t\t<\/div><\/div><\/div><\/div><\/div><\/div><div class=\"row wpb_row row-fluid\"><div class=\"wpb_column columns medium-6 thb-dark-column small-12\"><div class=\"vc_column-inner\"><div class=\"wpb_wrapper\"><div  class=\"vc_wp_text wpb_content_element\"><div class=\"widget widget_text\">\t\t\t<div class=\"textwidget\"><p>Federal Network Agency<\/p>\n<\/div>\n\t\t<\/div><\/div><\/div><\/div><\/div><div class=\"wpb_column columns medium-6 thb-dark-column small-12\"><div class=\"vc_column-inner\"><div class=\"wpb_wrapper\"><div  class=\"vc_wp_text wpb_content_element\"><div class=\"widget widget_text\">\t\t\t<div class=\"textwidget\"><ul>\n<li><span style=\"text-decoration: underline;\"><a title=\"Complaints form\" href=\"http:\/\/www.bundesnetzagentur.de\/DE\/Sachgebiete\/Telekommunikation\/Verbraucher\/UnerlaubteTelefonwerbung\/Beschwerdeeinreichen\/beschwerdeeinreichen-node.html\" target=\"_blank\" rel=\"noopener noreferrer\">Complaints form<\/a><\/span><\/li>\n<\/ul>\n<\/div>\n\t\t<\/div><\/div><\/div><\/div><\/div><\/div><div class=\"row wpb_row row-fluid\"><div class=\"wpb_column columns medium-6 thb-dark-column small-12\"><div class=\"vc_column-inner\"><div class=\"wpb_wrapper\"><div  class=\"vc_wp_text wpb_content_element\"><div class=\"widget widget_text\">\t\t\t<div class=\"textwidget\"><p class=\"column_1-3\">DATEV Lohndienstleistung<\/p>\n<\/div>\n\t\t<\/div><\/div><\/div><\/div><\/div><div class=\"wpb_column columns medium-6 thb-dark-column small-12\"><div class=\"vc_column-inner\"><div class=\"wpb_wrapper\"><div  class=\"vc_wp_text wpb_content_element\"><div class=\"widget widget_text\">\t\t\t<div class=\"textwidget\"><ul>\n<li><span style=\"text-decoration: underline;\"><a title=\"Forms and Publications\" href=\"https:\/\/download.datev-shop.de\/ifus2XZbAJSFYja3mTxysZwbSxsS7ZXU\" target=\"_blank\" rel=\"noopener noreferrer\">Variante Standard<\/a><\/span><\/li>\n<li><span style=\"text-decoration: underline;\"><a title=\"Forms and Publications\" href=\"https:\/\/download.datev-shop.de\/5KMpEPn24ysP9xSYF8429KTdDgFu3KqJ\" target=\"_blank\" rel=\"noopener noreferrer\">Variante Begleitend<\/a><\/span><\/li>\n<li><span style=\"text-decoration: underline;\"><a title=\"Forms and Publications\" href=\"https:\/\/download.datev-shop.de\/fXViHhjgrtfJFnXj9xKXjF59U2x86Gtj\" target=\"_blank\" rel=\"noopener noreferrer\">Sofortmeldungen<\/a><\/span><\/li>\n<li><span style=\"text-decoration: underline;\"><a title=\"Forms and Publications\" href=\"https:\/\/download.datev-shop.de\/ifus2XZbAJSFYja3mTxysZwbSxsS7ZXU\" target=\"_blank\" rel=\"noopener noreferrer\">Zusatzdokumente<\/a><\/span><\/li>\n<\/ul>\n<\/div>\n\t\t<\/div><\/div><\/div><\/div><\/div><\/div><div class=\"row wpb_row row-fluid\"><div class=\"wpb_column columns medium-6 thb-dark-column small-12\"><div class=\"vc_column-inner\"><div class=\"wpb_wrapper\"><div  class=\"vc_wp_text wpb_content_element\"><div class=\"widget widget_text\">\t\t\t<div class=\"textwidget\"><p>DATEV Lohndienstleistung &#8211; Informationen f\u00fcr ihre Kanzlei<\/p>\n<\/div>\n\t\t<\/div><\/div><\/div><\/div><\/div><div class=\"wpb_column columns medium-6 thb-dark-column small-12\"><div class=\"vc_column-inner\"><div class=\"wpb_wrapper\"><div  class=\"vc_wp_text wpb_content_element\"><div class=\"widget widget_text\">\t\t\t<div class=\"textwidget\"><ul>\n<li><span style=\"text-decoration: underline;\"><a title=\"Zum Start \u2013 Informationen f\u00fcr Ihre Kanzlei\" href=\"http:\/\/www.datev.de\/ldl-kanzlei-infos\" target=\"_blank\" rel=\"noopener noreferrer\">Zum Start<\/a><\/span><\/li>\n<li><span style=\"text-decoration: underline;\"><a title=\"Laufender Betrieb \u2013 Informationen f\u00fcr Ihre Kanzlei\" href=\"http:\/\/www.datev.de\/ldl-kanzlei-beratung\" target=\"_blank\" rel=\"noopener noreferrer\">Laufender Betrieb<\/a><\/span><\/li>\n<li><span style=\"text-decoration: underline;\"><a title=\"Weitere Auftr\u00e4ge \u2013 Informationen f\u00fcr Ihre Kanzlei\" href=\"http:\/\/www.datev.de\/ldl-auftrag-normallohn\" target=\"_blank\" rel=\"noopener noreferrer\">Weitere Auftr\u00e4ge<\/a><\/span><\/li>\n<li><span style=\"text-decoration: underline;\"><a title=\"Weitere Auftr\u00e4ge Bau \u2013 Informationen f\u00fcr Ihre Kanzlei\" href=\"http:\/\/www.datev.de\/ldl-auftrag-bau\" target=\"_blank\" rel=\"noopener noreferrer\">Weitere Auftr\u00e4ge Bau<\/a><\/span><\/li>\n<li><span style=\"text-decoration: underline;\"><a title=\"K\u00fcndigung \u2013 Informationen f\u00fcr Ihre Kanzlei\" href=\"http:\/\/www.datev.de\/ldl-kuendigung\" target=\"_blank\" rel=\"noopener noreferrer\">K\u00fcndigung<\/a><\/span><\/li>\n<\/ul>\n<\/div>\n\t\t<\/div><\/div><\/div><\/div><\/div><\/div><div class=\"row wpb_row row-fluid\"><div class=\"wpb_column columns medium-6 thb-dark-column small-12\"><div class=\"vc_column-inner\"><div class=\"wpb_wrapper\"><div  class=\"vc_wp_text wpb_content_element\"><div class=\"widget widget_text\">\t\t\t<div class=\"textwidget\"><p class=\"column_1-3\">Department of the Treasury &#8211; Internal Revenue Service (IRS)<\/p>\n<\/div>\n\t\t<\/div><\/div><\/div><\/div><\/div><div class=\"wpb_column columns medium-6 thb-dark-column small-12\"><div class=\"vc_column-inner\"><div class=\"wpb_wrapper\"><div  class=\"vc_wp_text wpb_content_element\"><div class=\"widget widget_text\">\t\t\t<div class=\"textwidget\"><ul>\n<li><span style=\"text-decoration: underline;\"><a title=\"Forms and Publications\" href=\"http:\/\/www.irs.gov\/formspubs\/index.html\" target=\"_blank\" rel=\"noopener noreferrer\">Forms and Publications<\/a><\/span><\/li>\n<\/ul>\n<\/div>\n\t\t<\/div><\/div><\/div><\/div><\/div><\/div><div class=\"row wpb_row row-fluid\"><div class=\"wpb_column columns medium-6 thb-dark-column small-12\"><div class=\"vc_column-inner\"><div class=\"wpb_wrapper\"><div  class=\"vc_wp_text wpb_content_element\"><div class=\"widget widget_text\">\t\t\t<div class=\"textwidget\"><p class=\"column_1-3\">German pension insurance federation<\/p>\n<\/div>\n\t\t<\/div><\/div><\/div><\/div><\/div><div class=\"wpb_column columns medium-6 thb-dark-column small-12\"><div class=\"vc_column-inner\"><div class=\"wpb_wrapper\"><div  class=\"vc_wp_text wpb_content_element\"><div class=\"widget widget_text\">\t\t\t<div class=\"textwidget\"><ul>\n<li><span style=\"text-decoration: underline;\"><a title=\"Application for ascertainment of the social insurance status\" href=\"http:\/\/www.deutsche-rentenversicherung.de\/Allgemein\/de\/Inhalt\/5_Services\/04_formulare_und_antraege\/_pdf\/V0027.html\" target=\"_blank\" rel=\"noopener noreferrer\">Application for ascertainment of the social insurance status<\/a><\/span><\/li>\n<li><span style=\"text-decoration: underline;\"><a title=\"eAntrag\" href=\"https:\/\/www.eservice-drv.de\/eantrag\/startseite.seam?zugang=OK\" target=\"_blank\" rel=\"noopener noreferrer\">eAntrag<\/a><\/span><\/li>\n<\/ul>\n<\/div>\n\t\t<\/div><\/div><\/div><\/div><\/div><\/div><div class=\"row wpb_row row-fluid\"><div class=\"wpb_column columns medium-6 thb-dark-column small-12\"><div class=\"vc_column-inner\"><div class=\"wpb_wrapper\"><div  class=\"vc_wp_text wpb_content_element\"><div class=\"widget widget_text\">\t\t\t<div class=\"textwidget\"><p class=\"column_1-3\">KfW-Mittelstandsbank<\/p>\n<\/div>\n\t\t<\/div><\/div><\/div><\/div><\/div><div class=\"wpb_column columns medium-6 thb-dark-column small-12\"><div class=\"vc_column-inner\"><div class=\"wpb_wrapper\"><div  class=\"vc_wp_text wpb_content_element\"><div class=\"widget widget_text\">\t\t\t<div class=\"textwidget\"><ul>\n<li><span style=\"text-decoration: underline;\"><a title=\"Electronic form collection with requests for all credit programs\" href=\"http:\/\/www.kfw.de\/kfw\/de\/I\/II\/Download_Center\/Foerderprogramme\/Formulare\/index.jsp\" target=\"_blank\" rel=\"noopener noreferrer\">Electronic form collection with requests for all credit programs<\/a><\/span><\/li>\n<\/ul>\n<\/div>\n\t\t<\/div><\/div><\/div><\/div><\/div><\/div><div class=\"row wpb_row row-fluid\"><div class=\"wpb_column columns medium-6 thb-dark-column small-12\"><div class=\"vc_column-inner\"><div class=\"wpb_wrapper\"><div  class=\"vc_wp_text wpb_content_element\"><div class=\"widget widget_text\">\t\t\t<div class=\"textwidget\"><p class=\"column_1-3\">Minijob-headquarter<\/p>\n<\/div>\n\t\t<\/div><\/div><\/div><\/div><\/div><div class=\"wpb_column columns medium-6 thb-dark-column small-12\"><div class=\"vc_column-inner\"><div class=\"wpb_wrapper\"><div  class=\"vc_wp_text wpb_content_element\"><div class=\"widget widget_text\">\t\t\t<div class=\"textwidget\"><ul>\n<li><span style=\"text-decoration: underline;\"><a title=\"Brochures and forms about the topic &quot;Minijob&quot;\" href=\"https:\/\/www.minijob-zentrale.de\/DE\/05_multifunktionsleiste\/03_service\/node.html\" target=\"_blank\" rel=\"noopener noreferrer\">Brosch\u00fcren und Formulare rund um das Thema &#8222;Minijob&#8220;<\/a><\/span><\/li>\n<\/ul>\n<\/div>\n\t\t<\/div><\/div><\/div><\/div><\/div><\/div><div class=\"row wpb_row row-fluid\"><div class=\"wpb_column columns medium-6 thb-dark-column small-12\"><div class=\"vc_column-inner\"><div class=\"wpb_wrapper\"><div  class=\"vc_wp_text wpb_content_element\"><div class=\"widget widget_text\">\t\t\t<div class=\"textwidget\"><p>Tax Advisors Association Berlin<\/p>\n<\/div>\n\t\t<\/div><\/div><\/div><\/div><\/div><div class=\"wpb_column columns medium-6 thb-dark-column small-12\"><div class=\"vc_column-inner\"><div class=\"wpb_wrapper\"><div  class=\"vc_wp_text wpb_content_element\"><div class=\"widget widget_text\">\t\t\t<div class=\"textwidget\"><ul>\n<li><span style=\"text-decoration: underline;\"><a title=\"Formulare\" href=\"https:\/\/mitgliederbereich.stbk-berlin.de\/service\/formulare.html\" target=\"_blank\" rel=\"noopener noreferrer\">Formulare<\/a><\/span><\/li>\n<\/ul>\n<\/div>\n\t\t<\/div><\/div><\/div><\/div><\/div><\/div><div class=\"row wpb_row row-fluid\"><div class=\"wpb_column columns medium-6 thb-dark-column small-12\"><div class=\"vc_column-inner\"><div class=\"wpb_wrapper\"><div  class=\"vc_wp_text wpb_content_element\"><div class=\"widget widget_text\">\t\t\t<div class=\"textwidget\"><p>Accident insurance<\/p>\n<\/div>\n\t\t<\/div><\/div><\/div><\/div><\/div><div class=\"wpb_column columns medium-6 thb-dark-column small-12\"><div class=\"vc_column-inner\"><div class=\"wpb_wrapper\"><div  class=\"vc_wp_text wpb_content_element\"><div class=\"widget widget_text\">\t\t\t<div class=\"textwidget\"><ul>\n<li><span style=\"text-decoration: underline;\"><a title=\"Accident report\" href=\"http:\/\/www.unfallkasse-berlin.de\/content\/artikel\/130\" target=\"_blank\" rel=\"noopener noreferrer\">Accident report<\/a><\/span><\/li>\n<\/ul>\n<\/div>\n\t\t<\/div><\/div><\/div><\/div><\/div><\/div><div class=\"row wpb_row row-fluid vc_custom_1591788464326\"><div class=\"wpb_column columns medium-6 thb-dark-column small-12\"><div class=\"vc_column-inner\"><div class=\"wpb_wrapper\"><div  class=\"vc_wp_text wpb_content_element\"><div class=\"widget widget_text\">\t\t\t<div class=\"textwidget\"><p class=\"column_1-3\">Association of German Pension Scheme Provider<\/p>\n<\/div>\n\t\t<\/div><\/div><\/div><\/div><\/div><div class=\"wpb_column columns medium-6 thb-dark-column small-12\"><div class=\"vc_column-inner\"><div class=\"wpb_wrapper\"><div  class=\"vc_wp_text wpb_content_element\"><div class=\"widget widget_text\">\t\t\t<div class=\"textwidget\"><ul>\n<li><span style=\"text-decoration: underline;\"><a title=\"Information, brochures and forms about employment relationships in private households\" href=\"http:\/\/www.minijob-zentrale.de\/DE\/haushaltsscheck\/Node.html?__nnn=true\" target=\"_blank\" rel=\"noopener noreferrer\">Information, brochures and forms about employment relationships in private households<\/a><\/span><\/li>\n<\/ul>\n<\/div>\n\t\t<\/div><\/div><\/div><\/div><\/div><\/div>","protected":false},"excerpt":{"rendered":"FORMULARE Hier erhalten Sie die M\u00f6glichkeit, Formulare auf Ihren Rechner herunterzuladen. Gerne stehen wir Ihnen bei der Verwendung der Formulare beratend und unterst\u00fctzend zur Seite. \u00c4mter in Berlin Justiz Arbeit, Beruf Bauen, Wohnen Familie, Partnerschaft Geld, Finanzen, Steuern Wirtschaft B\u00fcrger- und Ordnungsangelegenheiten Bundesfinanzministerium Formularcenter Bundesnetzagentur Beschwerdeformular DATEV Lohndienstleistung Variante Standard Variante Begleitend Sofortmeldungen Zusatzdokumente DATEV&hellip;","protected":false},"author":1,"featured_media":0,"parent":0,"menu_order":0,"comment_status":"closed","ping_status":"closed","template":"","meta":{"_monsterinsights_skip_tracking":false,"_monsterinsights_sitenote_active":false,"_monsterinsights_sitenote_note":"","_monsterinsights_sitenote_category":0,"footnotes":""},"class_list":["post-611","page","type-page","status-publish","hentry"],"_links":{"self":[{"href":"https:\/\/lingott.de\/en\/wp-json\/wp\/v2\/pages\/611","targetHints":{"allow":["GET"]}}],"collection":[{"href":"https:\/\/lingott.de\/en\/wp-json\/wp\/v2\/pages"}],"about":[{"href":"https:\/\/lingott.de\/en\/wp-json\/wp\/v2\/types\/page"}],"author":[{"embeddable":true,"href":"https:\/\/lingott.de\/en\/wp-json\/wp\/v2\/users\/1"}],"replies":[{"embeddable":true,"href":"https:\/\/lingott.de\/en\/wp-json\/wp\/v2\/comments?post=611"}],"version-history":[{"count":14,"href":"https:\/\/lingott.de\/en\/wp-json\/wp\/v2\/pages\/611\/revisions"}],"predecessor-version":[{"id":4397,"href":"https:\/\/lingott.de\/en\/wp-json\/wp\/v2\/pages\/611\/revisions\/4397"}],"wp:attachment":[{"href":"https:\/\/lingott.de\/en\/wp-json\/wp\/v2\/media?parent=611"}],"curies":[{"name":"wp","href":"https:\/\/api.w.org\/{rel}","templated":true}]}}