{"id":619,"date":"2020-03-05T11:21:33","date_gmt":"2020-03-05T10:21:33","guid":{"rendered":"http:\/\/wordpress.lingott.de\/?page_id=619"},"modified":"2025-06-23T11:21:18","modified_gmt":"2025-06-23T09:21:18","slug":"urteile-verwaltung-gesetze","status":"publish","type":"page","link":"https:\/\/lingott.de\/en\/urteile-verwaltung-gesetze\/","title":{"rendered":"JUDGMENTS \/ ADMINISTRATION \/ LAWS"},"content":{"rendered":"<div class=\"row wpb_row row-fluid vc_custom_1587347612441\"><div class=\"wpb_column columns medium-12 thb-dark-column small-12\"><div class=\"vc_column-inner\"><div class=\"wpb_wrapper\"><div  class=\"vc_wp_text wpb_content_element\"><div class=\"widget widget_text\">\t\t\t<div class=\"textwidget\"><div class=\"column_1-1\">\n<h3><span style=\"color: #910032;\">JUDGMENTS \/ ADMINISTRATION \/ LAWS<\/span><\/h3>\n<p>Here you have the possibility to download up-to-date jurisprudence, administrative instructions and federal laws on your computer. We would be glad to assist you with appeal proceedings from financial authorities.<\/p>\n<\/div>\n<div id=\"gtx-trans\" style=\"position: absolute; left: 38px; top: -9.27841px;\">\n<div class=\"gtx-trans-icon\"><\/div>\n<\/div>\n<\/div>\n\t\t<\/div><\/div><\/div><\/div><\/div><\/div><div class=\"row wpb_row row-fluid\"><div class=\"wpb_column columns medium-6 thb-dark-column small-12\"><div class=\"vc_column-inner\"><div class=\"wpb_wrapper\"><div  class=\"vc_wp_text wpb_content_element\"><div class=\"widget widget_text\">\t\t\t<div class=\"textwidget\"><p>Federal Fiscal Court<\/p>\n<\/div>\n\t\t<\/div><\/div><\/div><\/div><\/div><div class=\"wpb_column columns medium-6 thb-dark-column small-12\"><div class=\"vc_column-inner\"><div class=\"wpb_wrapper\"><div  class=\"vc_wp_text wpb_content_element\"><div class=\"widget widget_text\">\t\t\t<div class=\"textwidget\"><ul>\n<li><span style=\"text-decoration: underline;\"><a title=\"Decisions\" href=\"http:\/\/www.bundesfinanzhof.de\/entscheidungen\/entscheidungen-online\" target=\"_blank\" rel=\"noopener noreferrer\">Decisions<\/a><\/span><\/li>\n<li><span style=\"text-decoration: underline;\"><a title=\"Pending proceedings\" href=\"http:\/\/www.bundesfinanzhof.de\/anhaengige-verfahren\/revisionsverfahren\" target=\"_blank\" rel=\"noopener noreferrer\">Pending proceedings<\/a><\/span><\/li>\n<\/ul>\n<\/div>\n\t\t<\/div><\/div><\/div><\/div><\/div><\/div><div class=\"row wpb_row row-fluid\"><div class=\"wpb_column columns medium-6 thb-dark-column small-12\"><div class=\"vc_column-inner\"><div class=\"wpb_wrapper\"><div  class=\"vc_wp_text wpb_content_element\"><div class=\"widget widget_text\">\t\t\t<div class=\"textwidget\"><p class=\"column_1-3\">Federal Constitutional Court<\/p>\n<\/div>\n\t\t<\/div><\/div><\/div><\/div><\/div><div class=\"wpb_column columns medium-6 thb-dark-column small-12\"><div class=\"vc_column-inner\"><div class=\"wpb_wrapper\"><div  class=\"vc_wp_text wpb_content_element\"><div class=\"widget widget_text\">\t\t\t<div class=\"textwidget\"><ul>\n<li><span style=\"text-decoration: underline;\"><a title=\"Decisions\" href=\"http:\/\/www.bundesverfassungsgericht.de\/entscheidungen.html\" target=\"_blank\" rel=\"noopener noreferrer\">Decisions<\/a><\/span><\/li>\n<\/ul>\n<\/div>\n\t\t<\/div><\/div><\/div><\/div><\/div><\/div><div class=\"row wpb_row row-fluid\"><div class=\"wpb_column columns medium-6 thb-dark-column small-12\"><div class=\"vc_column-inner\"><div class=\"wpb_wrapper\"><div  class=\"vc_wp_text wpb_content_element\"><div class=\"widget widget_text\">\t\t\t<div class=\"textwidget\"><p class=\"column_1-3\">Federal Ministry of Finance<\/p>\n<\/div>\n\t\t<\/div><\/div><\/div><\/div><\/div><div class=\"wpb_column columns medium-6 thb-dark-column small-12\"><div class=\"vc_column-inner\"><div class=\"wpb_wrapper\"><div  class=\"vc_wp_text wpb_content_element\"><div class=\"widget widget_text\">\t\t\t<div class=\"textwidget\"><ul>\n<li><span style=\"text-decoration: underline;\"><a title=\"AfA-Tabelle \" href=\"https:\/\/www.bundesfinanzministerium.de\/Content\/DE\/Standardartikel\/Themen\/Steuern\/Weitere_Steuerthemen\/Betriebspruefung\/AfA-Tabellen\/Ergaenzende-AfA-Tabellen\/AfA-Tabelle_AV.html\" target=\"_blank\" rel=\"noopener noreferrer\">AfA-Tabelle &#8222;AV&#8220;<\/a><\/span><\/li>\n<li><span style=\"text-decoration: underline;\"><a title=\"Amtliches Abgabenordnung-Handbuch\" href=\"https:\/\/ao.bundesfinanzministerium.de\/ao\/2022\/home.html\" target=\"_blank\" rel=\"noopener noreferrer\">Amtliches Abgabenordnung-Handbuch<\/a><\/span><\/li>\n<li><span style=\"text-decoration: underline;\"><span style=\"color: #000000; text-decoration: underline;\"><a style=\"color: #000000; text-decoration: underline;\" title=\"Amtliches Handbuch Bewertung\/Grundsteuer 2022\/2025\" href=\"https:\/\/grsth.bundesfinanzministerium.de\/grsth\/2022-2025\/home.html\" target=\"_blank\" rel=\"noopener noreferrer\">Amtliches Bewertung\/Grundsteuer-Handbuch<\/a><\/span><\/span><\/li>\n<li><span style=\"text-decoration: underline;\"><a title=\"Amtliches Einkommensteuer-Handbuch\" href=\"https:\/\/www.bmf-esth.de\/\" target=\"_blank\" rel=\"noopener noreferrer\">Amtliches Einkommensteuer-Handbuch<\/a><\/span><\/li>\n<li><span style=\"text-decoration: underline;\"><a title=\"Amtliches Gewerbesteuer-Handbuch\" href=\"https:\/\/gewsth.bundesfinanzministerium.de\/gewsth\/2024\/home.html\" target=\"_blank\" rel=\"noopener noreferrer\">Amtliches Gewerbesteuer-Handbuch<\/a><\/span><\/li>\n<li><span style=\"text-decoration: underline;\"><a title=\"Amtliches K\u00f6rperschaftsteuer-Handbuch\" href=\"https:\/\/ksth.bundesfinanzministerium.de\/ksth\/2015\/home.html\" target=\"_blank\" rel=\"noopener noreferrer\">Amtliches K\u00f6rperschaftsteuer-Handbuch<\/a><\/span><\/li>\n<li><span style=\"text-decoration: underline;\"><a title=\"Amtliches Lohnsteuer-Handbuch 2025\" href=\"https:\/\/www.bundesfinanzministerium.de\/Content\/DE\/Standardartikel\/Service\/Amtliche-Handbuecher\/lohnsteuer-handbuch-2025.html\" target=\"_blank\" rel=\"noopener noreferrer\">Amtliches Lohnsteuer-Handbuch 2025<\/a><\/span><\/li>\n<li><span style=\"text-decoration: underline;\"><a title=\"Amtliches Steuerberatungsrecht-Handbuch\" href=\"https:\/\/stberh.bundesfinanzministerium.de\/stberh\/2021-2022\/home.html\" target=\"_blank\" rel=\"noopener noreferrer\">Amtliches Steuerberatungsrecht-Handbuch<\/a><\/span><\/li>\n<li><span style=\"text-decoration: underline;\"><a title=\"Amtliches Umsatzsteuer-Handbuch\" href=\"https:\/\/usth.bundesfinanzministerium.de\/usth\/2021\/home.html\" target=\"_blank\" rel=\"noopener noreferrer\">Amtliches Umsatzsteuer-Handbuch<\/a><\/span><\/li>\n<li><span style=\"text-decoration: underline;\"><a title=\"BMF-Letter\" href=\"http:\/\/www.bundesfinanzministerium.de\/Web\/DE\/Service\/Publikationen\/BMF_Schreiben\/bmf_schreiben.html\" target=\"_blank\" rel=\"noopener noreferrer\">BMF-Letter<\/a><\/span><\/li>\n<li><span style=\"text-decoration: underline;\"><span style=\"color: #000000; text-decoration: underline;\"><a style=\"color: #000000; text-decoration: underline;\" title=\"Bundessteuerblatt\" href=\"https:\/\/www.bstbl.de\/\" target=\"_blank\" rel=\"noopener noreferrer\">Bundessteuerblatt<\/a><\/span><\/span><\/li>\n<li><span style=\"text-decoration: underline;\"><a title=\"Newsletter\" href=\"https:\/\/www.bundesfinanzministerium.de\/Content\/DE\/Standardartikel\/Service\/Amtliche-Handbuecher\/steuerberatungsrecht-handbuch-2021-2022.html?view=renderNewsletterHtml\" target=\"_blank\" rel=\"noopener noreferrer\">Newsletter<\/a><\/span><\/li>\n<\/ul>\n<\/div>\n\t\t<\/div><\/div><\/div><\/div><\/div><\/div><div class=\"row wpb_row row-fluid\"><div class=\"wpb_column columns medium-6 thb-dark-column small-12\"><div class=\"vc_column-inner\"><div class=\"wpb_wrapper\"><div  class=\"vc_wp_text wpb_content_element\"><div class=\"widget widget_text\">\t\t\t<div class=\"textwidget\"><p class=\"column_1-3\">German Federal Parliament<\/p>\n<\/div>\n\t\t<\/div><\/div><\/div><\/div><\/div><div class=\"wpb_column columns medium-6 thb-dark-column small-12\"><div class=\"vc_column-inner\"><div class=\"wpb_wrapper\"><div  class=\"vc_wp_text wpb_content_element\"><div class=\"widget widget_text\">\t\t\t<div class=\"textwidget\"><ul>\n<li><span style=\"text-decoration: underline;\"><a title=\"Federal Law Gazette\" href=\"http:\/\/www.bgbl.de\/Xaver\/start.xav?startbk=Bundesanzeiger_BGBl\" target=\"_blank\" rel=\"noopener noreferrer\">Federal Law Gazette<\/a><\/span><\/li>\n<li><span style=\"text-decoration: underline;\"><a title=\"Printed matter and logs\" href=\"http:\/\/drucksachen.bundestag.de\/drucksachen\/index.php\" target=\"_blank\" rel=\"noopener noreferrer\">Printed matter and logs<\/a><\/span><\/li>\n<li><span style=\"text-decoration: underline;\"><a title=\"Handbuch Lobbyregister\" href=\"https:\/\/www.bundestag.de\/resource\/blob\/871508\/837add2864e81073b6a604cdde8c1d30\/Handbuch-data.pdf\" target=\"_blank\" rel=\"noopener noreferrer\">Handbuch Lobbyregister<\/a><\/span><\/li>\n<\/ul>\n<\/div>\n\t\t<\/div><\/div><\/div><\/div><\/div><\/div><div class=\"row wpb_row row-fluid\"><div class=\"wpb_column columns medium-6 thb-dark-column small-12\"><div class=\"vc_column-inner\"><div class=\"wpb_wrapper\"><div  class=\"vc_wp_text wpb_content_element\"><div class=\"widget widget_text\">\t\t\t<div class=\"textwidget\"><p class=\"column_1-3\">Deutsche Rentenversicherung<\/p>\n<\/div>\n\t\t<\/div><\/div><\/div><\/div><\/div><div class=\"wpb_column columns medium-6 thb-dark-column small-12\"><div class=\"vc_column-inner\"><div class=\"wpb_wrapper\"><div  class=\"vc_wp_text wpb_content_element\"><div class=\"widget widget_text\">\t\t\t<div class=\"textwidget\"><ul>\n<li><span style=\"text-decoration: underline;\"><a title=\"Gemeinsame Rundschreiben der Sozialversicherungen\" href=\"https:\/\/www.deutsche-rentenversicherung.de\/DRV\/DE\/Experten\/Arbeitgeber-und-Steuerberater\/summa-summarum\/Rundschreiben\/rundschreiben.html\" target=\"_blank\" rel=\"noopener noreferrer\">Gemeinsame Rundschreiben der Sozialversicherungen<\/a><\/span><\/li>\n<\/ul>\n<\/div>\n\t\t<\/div><\/div><\/div><\/div><\/div><\/div><div class=\"row wpb_row row-fluid\"><div class=\"wpb_column columns medium-6 thb-dark-column small-12\"><div class=\"vc_column-inner\"><div class=\"wpb_wrapper\"><div  class=\"vc_wp_text wpb_content_element\"><div class=\"widget widget_text\">\t\t\t<div class=\"textwidget\"><p class=\"column_1-3\">European Court of Justice<\/p>\n<\/div>\n\t\t<\/div><\/div><\/div><\/div><\/div><div class=\"wpb_column columns medium-6 thb-dark-column small-12\"><div class=\"vc_column-inner\"><div class=\"wpb_wrapper\"><div  class=\"vc_wp_text wpb_content_element\"><div class=\"widget widget_text\">\t\t\t<div class=\"textwidget\"><ul>\n<li><span style=\"text-decoration: underline;\"><a title=\"Decisions\" href=\"http:\/\/curia.eu.int\/jurisp\/cgi-bin\/form.pl?lang=de\" target=\"_blank\" rel=\"noopener noreferrer\">Decisions<\/a><\/span><\/li>\n<\/ul>\n<\/div>\n\t\t<\/div><\/div><\/div><\/div><\/div><\/div><div class=\"row wpb_row row-fluid vc_custom_1591788835549\"><div class=\"wpb_column columns medium-6 thb-dark-column small-12\"><div class=\"vc_column-inner\"><div class=\"wpb_wrapper\"><div  class=\"vc_wp_text wpb_content_element\"><div class=\"widget widget_text\">\t\t\t<div class=\"textwidget\"><p class=\"column_1-3\">Tax court<\/p>\n<div id=\"gtx-trans\" style=\"position: absolute; left: 54px; top: 40.1719px;\">\n<p class=\"gtx-trans-icon\">\n<\/div>\n<\/div>\n\t\t<\/div><\/div><\/div><\/div><\/div><div class=\"wpb_column columns medium-6 thb-dark-column small-12\"><div class=\"vc_column-inner\"><div class=\"wpb_wrapper\"><div  class=\"vc_wp_text wpb_content_element\"><div class=\"widget widget_text\">\t\t\t<div class=\"textwidget\"><ul>\n<li><span style=\"text-decoration: underline;\"><a title=\"Berlin-Brandenburg\" href=\"http:\/\/www.gerichtsentscheidungen.berlin-brandenburg.de\/jportal\/portal\/t\/qaq\/bs\/10\/page\/sammlung.psml\/action\/controls.sammlung.ChangeNavigation?nid=BS-BB%5B%23%5D%400020%40Finanzgericht%5B%23%5D\" target=\"_blank\" rel=\"noopener noreferrer\">Berlin-Brandenburg<\/a><\/span><\/li>\n<\/ul>\n<\/div>\n\t\t<\/div><\/div><\/div><\/div><\/div><\/div>","protected":false},"excerpt":{"rendered":"URTEILE \/ VERWALTUNG \/ GESETZE Hier erhalten Sie die M\u00f6glichkeit, aktuelle Rechtsprechung, Verwaltungsanweisungen und Bundesgesetze auf Ihren Rechner herunterzuladen. Gerne stehen wir Ihnen bei Rechtsbehelfsverfahren mit den Finanzbeh\u00f6rden beratend und unterst\u00fctzend zur Seite. Bundesfinanzhof Entscheidungen Anh\u00e4ngige Verfahren Bundesverfassungsgericht Entscheidungen Bundesministerium der Finanzen AfA-Tabelle \"AV\" Amtliches Abgabenordnung-Handbuch Amtliches Bewertung\/Grundsteuer-Handbuch Amtliches Einkommensteuer-Handbuch Amtliches Gewerbesteuer-Handbuch Amtliches K\u00f6rperschaftsteuer-Handbuch Amtliches&hellip;","protected":false},"author":1,"featured_media":0,"parent":0,"menu_order":0,"comment_status":"closed","ping_status":"closed","template":"","meta":{"_monsterinsights_skip_tracking":false,"_monsterinsights_sitenote_active":false,"_monsterinsights_sitenote_note":"","_monsterinsights_sitenote_category":0,"footnotes":""},"class_list":["post-619","page","type-page","status-publish","hentry"],"_links":{"self":[{"href":"https:\/\/lingott.de\/en\/wp-json\/wp\/v2\/pages\/619","targetHints":{"allow":["GET"]}}],"collection":[{"href":"https:\/\/lingott.de\/en\/wp-json\/wp\/v2\/pages"}],"about":[{"href":"https:\/\/lingott.de\/en\/wp-json\/wp\/v2\/types\/page"}],"author":[{"embeddable":true,"href":"https:\/\/lingott.de\/en\/wp-json\/wp\/v2\/users\/1"}],"replies":[{"embeddable":true,"href":"https:\/\/lingott.de\/en\/wp-json\/wp\/v2\/comments?post=619"}],"version-history":[{"count":31,"href":"https:\/\/lingott.de\/en\/wp-json\/wp\/v2\/pages\/619\/revisions"}],"predecessor-version":[{"id":4413,"href":"https:\/\/lingott.de\/en\/wp-json\/wp\/v2\/pages\/619\/revisions\/4413"}],"wp:attachment":[{"href":"https:\/\/lingott.de\/en\/wp-json\/wp\/v2\/media?parent=619"}],"curies":[{"name":"wp","href":"https:\/\/api.w.org\/{rel}","templated":true}]}}