{"id":639,"date":"2020-03-05T12:30:42","date_gmt":"2020-03-05T11:30:42","guid":{"rendered":"http:\/\/wordpress.lingott.de\/?page_id=639"},"modified":"2026-01-09T15:59:11","modified_gmt":"2026-01-09T14:59:11","slug":"kontakt","status":"publish","type":"page","link":"https:\/\/lingott.de\/en\/kontakt\/","title":{"rendered":"CONTACT"},"content":{"rendered":"<div class=\"row wpb_row row-fluid vc_custom_1587534771172\"><div class=\"wpb_column columns medium-6 thb-dark-column small-12\"><div class=\"vc_column-inner\"><div class=\"wpb_wrapper\"><div  class=\"vc_wp_text wpb_content_element\"><div class=\"widget widget_text\">\t\t\t<div class=\"textwidget\"><h3><span style=\"color: #910032;\">CONTACT<\/span><\/h3>\n<div><\/div>\n<div class=\"column_1-2\">\n<p><strong>LINGOTT Steuerberater Partnerschaft<\/strong><\/p>\n<p>Dipl.-Kfm. Knut Lingott<br \/>\nTax consultant<br \/>\nProfessionals for international fiscal law<\/p>\n<p>Niklas Lingott (M.Sc.)<br \/>\nTax consultant<\/p>\n<p>Amtsgericht Charlottenburg PR 1861 B<\/p>\n<\/div>\n<div class=\"column_1-2\">Wielandstra\u00dfe 30<br \/>\n10629 Berlin<\/div>\n<div class=\"column_1-2\">\n<div class=\"column_1-1\">T\u00a0 <span id=\"cloak7ede262250a465f4a3f4d4062ed2746c\"><a href=\"tel:+49308877860\">+49 (0)30 887786 &#8211; 0<\/a><\/span><br \/>\n<span id=\"cloak7ede262250a465f4a3f4d4062ed2746c\">F\u00a0 <a href=\"fax:+493088778677\">+49 (0)30 887786 &#8211; 77<\/a><\/span><\/div>\n<div class=\"column_1-1\">M <span id=\"cloak7ede262250a465f4a3f4d4062ed2746c\"><a href=\"mailto:kontakt@lingott.de\">kontakt@lingott.de<\/a><\/span><\/div>\n<\/div>\n<\/div>\n\t\t<\/div><\/div><div  class=\"vc_wp_text wpb_content_element\"><div class=\"widget widget_text\">\t\t\t<div class=\"textwidget\"><div class=\"column_1-2\">Please read and accept the\u00a0<span style=\"text-decoration: underline;\"><a title=\"Privacy Policy\" href=\"https:\/\/lingott.de\/en\/datenschutz\/\" target=\"_self\" rel=\"noopener noreferrer\">Privacy Policy<\/a>.<\/span><\/div>\n<div class=\"column_1-2\">If you would like to visit us: parking spaces directly in<\/div>\n<div class=\"column_1-2\">the street are only available in limited number.<\/div>\n<div class=\"column_1-2\">A parking garage is located in Leibnizstra\u00dfe (1 min walk).<\/div>\n<div class=\"column_1-2\">The nearest bus, tram and subway stops are located at<\/div>\n<div class=\"column_1-2\">Olivaer Platz, Schl\u00fcterstra\u00dfe and the Kurf\u00fcrstendamm.<\/div>\n<div class=\"column_1-2\"><\/div>\n<\/div>\n\t\t<\/div><\/div><\/div><\/div><\/div><div class=\"wpb_column columns medium-6 thb-dark-column small-12\"><div class=\"vc_column-inner\"><div class=\"wpb_wrapper\">\n<div class=\"wpcf7 no-js\" id=\"wpcf7-f5-o1\" lang=\"de-DE\" dir=\"ltr\" data-wpcf7-id=\"5\">\n<div class=\"screen-reader-response\"><p role=\"status\" aria-live=\"polite\" aria-atomic=\"true\"><\/p> <ul><\/ul><\/div>\n<form action=\"\/en\/wp-json\/wp\/v2\/pages\/639#wpcf7-f5-o1\" method=\"post\" class=\"wpcf7-form init\" aria-label=\"Kontaktformular\" novalidate=\"novalidate\" data-status=\"init\" data-trp-original-action=\"\/en\/wp-json\/wp\/v2\/pages\/639#wpcf7-f5-o1\">\n<fieldset class=\"hidden-fields-container\"><input type=\"hidden\" name=\"_wpcf7\" value=\"5\" \/><input type=\"hidden\" name=\"_wpcf7_version\" value=\"6.1.5\" \/><input type=\"hidden\" name=\"_wpcf7_locale\" value=\"de_DE\" \/><input type=\"hidden\" name=\"_wpcf7_unit_tag\" value=\"wpcf7-f5-o1\" \/><input type=\"hidden\" name=\"_wpcf7_container_post\" value=\"0\" \/><input type=\"hidden\" name=\"_wpcf7_posted_data_hash\" value=\"\" \/>\n<\/fieldset>\n<div class=\"row\">\n\t<div class=\"small-12 large-6 columns\">\n\t\t<p><label>Name<\/label><span class=\"wpcf7-form-control-wrap\" data-name=\"your-firstname\"><input size=\"40\" maxlength=\"400\" class=\"wpcf7-form-control wpcf7-text wpcf7-validates-as-required full\" aria-required=\"true\" aria-invalid=\"false\" value=\"\" type=\"text\" name=\"your-firstname\" \/><\/span>\n\t\t<\/p>\n\t<\/div>\n\t<div class=\"small-12 large-6 columns\">\n\t\t<p><label>E-mail<\/label><span class=\"wpcf7-form-control-wrap\" data-name=\"your-email\"><input size=\"40\" maxlength=\"400\" class=\"wpcf7-form-control wpcf7-text wpcf7-validates-as-required full\" aria-required=\"true\" aria-invalid=\"false\" value=\"\" type=\"text\" name=\"your-email\" \/><\/span>\n\t\t<\/p>\n\t<\/div>\n\t<div class=\"small-12 columns\">\n\t\t<p><label>Message<\/label><span class=\"wpcf7-form-control-wrap\" data-name=\"your-message\"><textarea cols=\"40\" rows=\"10\" maxlength=\"2000\" class=\"wpcf7-form-control wpcf7-textarea full\" aria-invalid=\"false\" name=\"your-message\"><\/textarea><\/span>\n\t\t<\/p>\n\t<\/div>\n<\/div>\n<div class=\"row\">\n\t<div class=\"small-12 columns\">\n\t\t<p><input class=\"wpcf7-form-control wpcf7-submit has-spinner btn black\" type=\"submit\" value=\"Send\" \/>\n\t\t<\/p>\n\t<\/div>\n<\/div><div class=\"wpcf7-response-output\" aria-hidden=\"true\"><\/div>\n<input type=\"hidden\" name=\"trp-form-language\" value=\"en\"\/><\/form>\n<\/div>\n<\/div><\/div><\/div><\/div><div class=\"row wpb_row row-fluid vc_custom_1587534587071\"><div class=\"wpb_column columns medium-12 thb-dark-column small-12\"><div class=\"vc_column-inner\"><div class=\"wpb_wrapper\"><div class=\"wpb_gmaps_widget wpb_content_element vc_custom_1583408631997\"><div class=\"wpb_wrapper\"><div class=\"wpb_map_wraper\"><iframe loading=\"lazy\" src=\"https:\/\/www.google.com\/maps\/embed?pb=!1m18!1m12!1m3!1d835.6716565569545!2d13.31521440000001!3d52.501857700000016!2m3!1f0!2f0!3f0!3m2!1i1024!2i768!4f13.1!3m3!1m2!1s0x47a850e4535dbc93%3A0x3dd12d345ebf4fec!2sSteuerberater%20%7C%20FB%20f.%20IStR%20Dipl.-Kfm.%20Knut%20Lingott!5e1!3m2!1sen!2sde!4v1583408549531!5m2!1sen!2sde\" width=\"600\" height=\"450\" frameborder=\"0\" style=\"border:0;\" allowfullscreen=\"\"><\/iframe><\/div><\/div><\/div><\/div><\/div><\/div><\/div>","protected":false},"excerpt":{"rendered":"KONTAKT LINGOTT Steuerberater Partnerschaft Dipl.-Kfm. Knut Lingott Steuerberater Fachberater f\u00fcr Internationales Steuerrecht Niklas Lingott (M.Sc.) Steuerberater Amtsgericht Charlottenburg PR 1861 B Wielandstra\u00dfe 30 10629 Berlin T\u00a0 +49 (0)30 887786 - 0 F\u00a0 +49 (0)30 887786 - 77 M kontakt@lingott.de Bitte lesen und akzeptieren Sie die\u00a0Datenschutzhinweise. Wenn Sie uns besuchen m\u00f6chten: Parkpl\u00e4tze direkt in der Stra\u00dfe&hellip;","protected":false},"author":1,"featured_media":0,"parent":0,"menu_order":0,"comment_status":"closed","ping_status":"closed","template":"","meta":{"_monsterinsights_skip_tracking":false,"_monsterinsights_sitenote_active":false,"_monsterinsights_sitenote_note":"","_monsterinsights_sitenote_category":0,"footnotes":""},"class_list":["post-639","page","type-page","status-publish","hentry"],"_links":{"self":[{"href":"https:\/\/lingott.de\/en\/wp-json\/wp\/v2\/pages\/639","targetHints":{"allow":["GET"]}}],"collection":[{"href":"https:\/\/lingott.de\/en\/wp-json\/wp\/v2\/pages"}],"about":[{"href":"https:\/\/lingott.de\/en\/wp-json\/wp\/v2\/types\/page"}],"author":[{"embeddable":true,"href":"https:\/\/lingott.de\/en\/wp-json\/wp\/v2\/users\/1"}],"replies":[{"embeddable":true,"href":"https:\/\/lingott.de\/en\/wp-json\/wp\/v2\/comments?post=639"}],"version-history":[{"count":31,"href":"https:\/\/lingott.de\/en\/wp-json\/wp\/v2\/pages\/639\/revisions"}],"predecessor-version":[{"id":4427,"href":"https:\/\/lingott.de\/en\/wp-json\/wp\/v2\/pages\/639\/revisions\/4427"}],"wp:attachment":[{"href":"https:\/\/lingott.de\/en\/wp-json\/wp\/v2\/media?parent=639"}],"curies":[{"name":"wp","href":"https:\/\/api.w.org\/{rel}","templated":true}]}}