{"id":661,"date":"2020-03-05T13:13:35","date_gmt":"2020-03-05T12:13:35","guid":{"rendered":"http:\/\/wordpress.lingott.de\/?page_id=661"},"modified":"2026-01-09T15:52:48","modified_gmt":"2026-01-09T14:52:48","slug":"impressum","status":"publish","type":"page","link":"https:\/\/lingott.de\/en\/impressum\/","title":{"rendered":"IMPRINT"},"content":{"rendered":"<div class=\"row wpb_row row-fluid vc_custom_1587638004489\"><div class=\"wpb_column columns medium-12 thb-dark-column small-12\"><div class=\"vc_column-inner\"><div class=\"wpb_wrapper\"><div  class=\"vc_wp_text wpb_content_element\"><div class=\"widget widget_text\">\t\t\t<div class=\"textwidget\"><div class=\"column_1-1\">\n<h3><span style=\"color: #910032;\">IMPRINT<\/span><\/h3>\n<\/div>\n<div><\/div>\n<\/div>\n\t\t<\/div><\/div><\/div><\/div><\/div><\/div><div class=\"row wpb_row row-fluid vc_custom_1587638024553\"><div class=\"wpb_column columns medium-12 thb-dark-column small-12\"><div class=\"vc_column-inner\"><div class=\"wpb_wrapper\"><div  class=\"vc_wp_text wpb_content_element\"><div class=\"widget widget_text\">\t\t\t<div class=\"textwidget\"><p><strong>LINGOTT Steuerberater Partnerschaft<\/strong><\/p>\n<p>Dipl.-Kfm. Knut Lingott<br \/>\nTax consultant<br \/>\nProfessionals for international fiscal law<\/p>\n<p>Niklas Lingott (M.Sc.)<br \/>\nTax consultant<\/p>\n<p>Amtsgericht Charlottenburg PR 1861 B<\/p>\n<\/div>\n\t\t<\/div><\/div><div  class=\"vc_wp_text wpb_content_element\"><div class=\"widget widget_text\">\t\t\t<div class=\"textwidget\"><p>Wielandstra\u00dfe 30<br \/>\n10629 Berlin<\/p>\n<\/div>\n\t\t<\/div><\/div><div  class=\"vc_wp_text wpb_content_element\"><div class=\"widget widget_text\">\t\t\t<div class=\"textwidget\"><div class=\"column_1-1\">T\u00a0 <span id=\"cloak7ede262250a465f4a3f4d4062ed2746c\"><a href=\"tel:+49308877860\">+49 (0)30 887786 &#8211; 0<\/a><\/span><br \/>\n<span id=\"cloak7ede262250a465f4a3f4d4062ed2746c\">F\u00a0 <a href=\"fax:+493088778677\">+49 (0)30 887786 &#8211; 77<\/a><\/span><\/div>\n<div class=\"column_1-1\">M <span id=\"cloak7ede262250a465f4a3f4d4062ed2746c\"><a href=\"mailto:kontakt@lingott.de\">kontakt@lingott.de<\/a><\/span><\/div>\n<\/div>\n\t\t<\/div><\/div><div  class=\"vc_wp_text wpb_content_element\"><div class=\"widget widget_text\">\t\t\t<div class=\"textwidget\"><div class=\"column_1-1\">USt-IdNr. DE455390278<\/div>\n<\/div>\n\t\t<\/div><\/div><div  class=\"vc_wp_text wpb_content_element\"><div class=\"widget widget_text\">\t\t\t<div class=\"textwidget\"><div class=\"column_1-1\">\n<div class=\"column_1-1\">Supervisory authority:<br \/>\n<span style=\"text-decoration: underline;\"><a title=\"Supervisory authority\" href=\"http:\/\/www.stbkammer-berlin.de\/\" target=\"_blank\" rel=\"noopener noreferrer\">Tax Advisors Association Berlin<\/a><\/span><br \/>\nWichmannstr. 6<br \/>\n10787 Berlin<\/div>\n<\/div>\n<div id=\"gtx-trans\" style=\"position: absolute; left: 189px; top: 7px;\">\n<div class=\"gtx-trans-icon\"><\/div>\n<\/div>\n<\/div>\n\t\t<\/div><\/div><div  class=\"vc_wp_text wpb_content_element\"><div class=\"widget widget_text\">\t\t\t<div class=\"textwidget\"><div class=\"column_1-1\">\n<div class=\"column_1-1\">\n<div class=\"column_1-1\">Professional indemnity insurance:<br \/>\n<span style=\"text-decoration: underline;\"><a title=\"HDI-Gerling Firmen und Privat Versicherung AG\" href=\"http:\/\/www.hdi.de\/de\/freiberufler\/steuerberater\/vermoegensschaden_haftpflicht\/index.jsp\" target=\"_blank\" rel=\"noopener noreferrer\">HDI-Gerling Firmen und Privat Versicherung AG<\/a><\/span><br \/>\nRiethorst 2<br \/>\n30659 Hannover<\/div>\n<\/div>\n<\/div>\n<div id=\"gtx-trans\" style=\"position: absolute; left: -46px; top: 55px;\">\n<div class=\"gtx-trans-icon\"><\/div>\n<\/div>\n<\/div>\n\t\t<\/div><\/div><div  class=\"vc_wp_text wpb_content_element\"><div class=\"widget widget_text\">\t\t\t<div class=\"textwidget\"><div class=\"column_1-1\">\n<div class=\"column_1-1\">\n<div class=\"column_1-1\">Territorial validity<\/div>\n<\/div>\n<\/div>\n<\/div>\n\t\t<\/div><\/div><div  class=\"vc_wp_text wpb_content_element\"><div class=\"widget widget_text\">\t\t\t<div class=\"textwidget\"><div class=\"column_1-1\">\n<ul>\n<li>Germany and<\/li>\n<li>European countries, Turkey and the countries of the former Soviet Union including Lithuania, Latvia and Estonia:<\/li>\n<li>Insured are liability claims, which are applied in front of the courts of these countries as well as<\/li>\n<li>The violation or non-observance of the law of these countries,<\/li>\n<\/ul>\n<p>to the amount of the statutory minimum insurance sum for liability claims resulting from the violation or non-observance of foreign law, assistance in tax matters have arisen and the contract is based on German law<\/p>\n<\/div>\n<div><\/div>\n<div class=\"column_1-1\"><\/div>\n<div><\/div>\n<\/div>\n\t\t<\/div><\/div><div  class=\"vc_wp_text wpb_content_element\"><div class=\"widget widget_text\">\t\t\t<div class=\"textwidget\"><div class=\"column_1-1\">\n<div class=\"column_1-1\">The professional regulations can be viewed at the responsible tax advisory association of Berlin. The profession of tax consultants is essentially governed by the following professional regulations:<\/div>\n<div class=\"column_1-1\"><\/div>\n<\/div>\n<\/div>\n\t\t<\/div><\/div><div  class=\"vc_wp_text wpb_content_element\"><div class=\"widget widget_text\">\t\t\t<div class=\"textwidget\"><div class=\"column_1-1\">\n<ul>\n<li><span style=\"text-decoration: underline;\"><a title=\"StBerG\" href=\"http:\/\/www.gesetze-im-internet.de\/stberg\/index.html\" target=\"_blank\" rel=\"noopener noreferrer\">Tax consulting law(StBerG)<\/a><\/span><\/li>\n<li><span style=\"text-decoration: underline;\"><a title=\"DVStB\" href=\"https:\/\/stbk-berlin.de\/wp-content\/uploads\/2019\/10\/berufsrecht_DVStB.pdf\" target=\"_blank\" rel=\"noopener noreferrer\">Regulations on the implementation about the rules of tax consultants and advisors and tax consultancy firms (DVStB)<\/a><\/span><\/li>\n<li><span style=\"text-decoration: underline;\"><a title=\"Berufsordnung - BOStB\" href=\"https:\/\/stbk-berlin.de\/wp-content\/uploads\/2019\/10\/berufsrecht_BOStB.pdf\" target=\"_blank\" rel=\"noopener noreferrer\">Statutes on the rights and obligations when exercising the profession of tax consultants (Professional rules- BOStB)<\/a><\/span><\/li>\n<li><span style=\"text-decoration: underline;\"><a title=\"tax consultant renumeration regulation\u2013 StBVV\" href=\"https:\/\/www.gesetze-im-internet.de\/stbgebv\/BJNR014420981.html\" target=\"_blank\" rel=\"noopener noreferrer\">Renumeration regulation for tax consultants and tac consultancy firms <\/a><\/span><span style=\"text-decoration: underline;\"><a title=\"tax consultant renumeration regulation\u2013 StBVV\" href=\"https:\/\/www.gesetze-im-internet.de\/stbgebv\/BJNR014420981.html\" target=\"_blank\" rel=\"noopener noreferrer\">(tax consultant renumeration regulation\u2013 StBVV)<\/a><\/span><\/li>\n<li><a href=\"https:\/\/lingott.de\/wp-content\/uploads\/Geschaeftsbedingungen.pdf\"><span style=\"text-decoration: underline;\">Allgemeine Gesch\u00e4ftsbedingungen f\u00fcr Steuerberater, Steuerbevollm\u00e4chtig<\/span><span style=\"text-decoration: underline;\">te und Steuerberatungsgesellschaften<\/span><\/a><\/li>\n<\/ul>\n<\/div>\n<div class=\"column_1-1\">Information nach dem Verbraucherstreitbeilegungsgesetz: Es besteht keine Verpflichtung und keine Bereitschaft zur Teilnahme an einem Streitbeilegungsverfahren vor einer Verbraucherschlichtungsstelle. Auf die Vermittlungsverfahren nach \u00a7 76 Abs. 2 Nr. 3 StBerG wird verwiesen.<\/div>\n<div class=\"column_1-1\"><\/div>\n<div>The contents published under www.lingott.de are researched with great care. Nevertheless, no guarantee can be given for the correctness. The reuse of the contents of www.lingott.de (text and image material) is only permitted for private purposes; any further use is prohibited. Changes may not be made. It is hereby explicitly stated that at the time of linking no illegal content was recognizable on linked pages. No responsibility is accepted for the contents of the linked Internet sites. As we have no influence on the future design, the content or the origin of the linked pages, we hereby expressly dissociate ourselves from all contents of the linked pages, which were changed after the link setting.<\/div>\n<\/div>\n\t\t<\/div><\/div><\/div><\/div><\/div><\/div>","protected":false},"excerpt":{"rendered":"IMPRESSUM LINGOTT Steuerberater Partnerschaft Dipl.-Kfm. Knut Lingott Steuerberater Fachberater f\u00fcr Internationales Steuerrecht Niklas Lingott (M.Sc.) Steuerberater Amtsgericht Charlottenburg PR 1861 B Wielandstra\u00dfe 30 10629 Berlin T\u00a0 +49 (0)30 887786 - 0 F\u00a0 +49 (0)30 887786 - 77 M kontakt@lingott.de USt-IdNr. DE455390278 Zust\u00e4ndige Aufsichtsbeh\u00f6rde: Steuerberaterkammer Berlin Wichmannstr. 6 10787 Berlin Berufshaftpflichtversicherung: HDI-Gerling Firmen und Privat Versicherung&hellip;","protected":false},"author":1,"featured_media":0,"parent":0,"menu_order":0,"comment_status":"closed","ping_status":"closed","template":"","meta":{"_monsterinsights_skip_tracking":false,"_monsterinsights_sitenote_active":false,"_monsterinsights_sitenote_note":"","_monsterinsights_sitenote_category":0,"footnotes":""},"class_list":["post-661","page","type-page","status-publish","hentry"],"_links":{"self":[{"href":"https:\/\/lingott.de\/en\/wp-json\/wp\/v2\/pages\/661","targetHints":{"allow":["GET"]}}],"collection":[{"href":"https:\/\/lingott.de\/en\/wp-json\/wp\/v2\/pages"}],"about":[{"href":"https:\/\/lingott.de\/en\/wp-json\/wp\/v2\/types\/page"}],"author":[{"embeddable":true,"href":"https:\/\/lingott.de\/en\/wp-json\/wp\/v2\/users\/1"}],"replies":[{"embeddable":true,"href":"https:\/\/lingott.de\/en\/wp-json\/wp\/v2\/comments?post=661"}],"version-history":[{"count":22,"href":"https:\/\/lingott.de\/en\/wp-json\/wp\/v2\/pages\/661\/revisions"}],"predecessor-version":[{"id":4426,"href":"https:\/\/lingott.de\/en\/wp-json\/wp\/v2\/pages\/661\/revisions\/4426"}],"wp:attachment":[{"href":"https:\/\/lingott.de\/en\/wp-json\/wp\/v2\/media?parent=661"}],"curies":[{"name":"wp","href":"https:\/\/api.w.org\/{rel}","templated":true}]}}